{"id":120,"date":"2017-04-19T17:22:43","date_gmt":"2017-04-19T16:22:43","guid":{"rendered":"http:\/\/traufabrik.dyndns.org\/Freibad\/?page_id=120"},"modified":"2026-04-06T20:53:31","modified_gmt":"2026-04-06T18:53:31","slug":"offnungszeiten-und-preise","status":"publish","type":"page","link":"https:\/\/freibad-dellwig.de\/index.php\/offnungszeiten-und-preise\/","title":{"rendered":"\u00d6ffnungszeiten und Preise"},"content":{"rendered":"\r\n<h1 class=\"wp-block-heading\">\u00d6ffnungszeiten<\/h1>\r\n\r\n\r\n\r\n<p>Saison beginnt voraussichtlich am 01.05.2026:<\/p>\r\n\r\n\r\n\r\n<div class=\"wp-block-group\"><div class=\"wp-block-group__inner-container is-layout-constrained wp-block-group-is-layout-constrained\">\r\n<div class=\"wp-block-columns is-layout-flex wp-container-core-columns-is-layout-9d6595d7 wp-block-columns-is-layout-flex\">\r\n<div class=\"wp-block-column is-layout-flow wp-block-column-is-layout-flow\" style=\"flex-basis: 100%;\">\r\n<figure class=\"wp-block-table\">\r\n<table>\r\n<tbody>\r\n<tr>\r\n<td colspan=\"2\"><strong>Regul\u00e4rer Eintritt<\/strong><\/td>\r\n<\/tr>\r\n<tr>\r\n<td>Schwimmzeiten (Mo-So):<\/td>\r\n<td>9:30 &#8211; 19:30 Uhr<\/td>\r\n<\/tr>\r\n<tr>\r\n<td>Letzter Einlass:<\/td>\r\n<td>19:00 Uhr<\/td>\r\n<\/tr>\r\n<\/tbody>\r\n<\/table>\r\n<\/figure>\r\n<br \/>\r\n<figure class=\"wp-block-table\">\r\n<table>\r\n<tbody>\r\n<tr>\r\n<td colspan=\"2\"><strong>Fr\u00fchschwimmen (nur mit Saisonkarte)<\/strong><\/td>\r\n<\/tr>\r\n<tr>\r\n<td>Schwimmzeiten (Mo-Fr):<\/td>\r\n<td>6:00 &#8211; 8:00 Uhr<\/td>\r\n<\/tr>\r\n<tr>\r\n<td>Letzter Einlass:<\/td>\r\n<td>7:30 Uhr<\/td>\r\n<\/tr>\r\n<\/tbody>\r\n<\/table>\r\n<\/figure>\r\nDas Fr\u00fchschwimmen findet nicht an Feiertagen statt. <\/div>\r\n<\/div>\r\n<\/div><\/div>\r\n\r\n\r\n\r\n<h1 class=\"wp-block-heading\">Preise<\/h1>\r\n\r\n\r\n\r\n<h2 class=\"wp-block-heading\">Saisonkarten<\/h2>\r\n\r\n\r\n\r\n<figure class=\"wp-block-table\">\r\n<table>\r\n<tbody>\r\n<tr>\r\n<td>Erwachsene<\/td>\r\n<td>65 \u20ac (Vereinsmitglieder 50 \u20ac)<\/td>\r\n<\/tr>\r\n<tr>\r\n<td>Kinder\/erm\u00e4\u00dfigt*<\/td>\r\n<td>40 \u20ac (Vereinsmitglieder 30 \u20ac)<\/td>\r\n<\/tr>\r\n<tr>\r\n<td>Familienkarte<\/td>\r\n<td>130 \u20ac (Vereinsmitglieder 85 \u20ac)<\/td>\r\n<\/tr>\r\n<\/tbody>\r\n<\/table>\r\n<\/figure>\r\n\r\n\r\n\r\n<p><em>Inhaber von Saisonkarten erhalten in den B\u00fcrgerb\u00e4dern, die dem Netzwerk B\u00fcrgerb\u00e4der angeschlossen sind, 50% Erm\u00e4\u00dfigung auf den Tageskartenpreis.<\/em><\/p>\r\n\r\n\r\n\r\n<h2 class=\"wp-block-heading\">12er-Karten<\/h2>\r\n\r\n\r\n\r\n<figure class=\"wp-block-table\">\r\n<table>\r\n<tbody>\r\n<tr>\r\n<td>Erwachsene<\/td>\r\n<td>35 \u20ac<\/td>\r\n<\/tr>\r\n<tr>\r\n<td>Kinder\/erm\u00e4\u00dfigt*<\/td>\r\n<td>25\u00a0\u20ac<\/td>\r\n<\/tr>\r\n<\/tbody>\r\n<\/table>\r\n<\/figure>\r\n\r\n\r\n\r\n<h2 class=\"wp-block-heading\">Tageskarten<\/h2>\r\n\r\n\r\n\r\n<figure class=\"wp-block-table\">\r\n<table>\r\n<tbody>\r\n<tr>\r\n<td>Erwachsene<\/td>\r\n<td>4,00\u20ac<\/td>\r\n<\/tr>\r\n<tr>\r\n<td>Kinder\/erm\u00e4\u00dfigt<\/td>\r\n<td>3,00\u20ac<\/td>\r\n<\/tr>\r\n<tr>\r\n<td>Familienkarte**<\/td>\r\n<td>8,50\u20ac<\/td>\r\n<\/tr>\r\n<tr>\r\n<td>Sp\u00e4tschwimmerkarte Erwachsene ab 18:30 Uhr<\/td>\r\n<td>3,00\u20ac<\/td>\r\n<\/tr>\r\n<tr>\r\n<td>Sp\u00e4tschwimmerkarte Kinder ab 18:30 Uhr<\/td>\r\n<td>2,00\u20ac<\/td>\r\n<\/tr>\r\n<\/tbody>\r\n<\/table>\r\n<\/figure>\r\n\r\n\r\n\r\n<p>*f\u00fcr Sch\u00fcler*innen \/ Studenten*innen \/ Auszubildende \/ Leistungsempf\u00e4nger*innen \/ Menschen mit Behinderung (jeweils gegen Vorlage eines Nachweises) ab 70%<\/p>\r\n\r\n\r\n\r\n<p>** Ehepaar\/Lebenspartner mit Kindern<\/p>\r\n\r\n\r\n\r\n<p><em>Die Tageskarte berechtigt zum einmaligen Eintritt in das Freibad Dellwig (nach Verlassen des Bades ist kein Wiedereintritt mehr m\u00f6glich!)<\/em><\/p>\r\n\r\n\r\n\r\n<h2 class=\"wp-block-heading\">Leihgeb\u00fchren pro Tag<\/h2>\r\n\r\n\r\n\r\n<figure class=\"wp-block-table\">\r\n<table>\r\n<tbody>\r\n<tr>\r\n<td>Liegen<\/td>\r\n<td>3,00 \u20ac (zzgl. 2,00 \u20ac Pfand)<\/td>\r\n<\/tr>\r\n<tr>\r\n<td>Schlie\u00dffach\/Schrank<\/td>\r\n<td>1,00 \u20ac (zzgl. 5,00 \u20ac Pfand)<\/td>\r\n<\/tr>\r\n<\/tbody>\r\n<\/table>\r\n<\/figure>\r\n\r\n\r\n\r\n<h2 class=\"wp-block-heading\">Wassergymnastik<\/h2>\r\n\r\n\r\n\r\n<figure class=\"wp-block-table\">\r\n<table>\r\n<tbody>\r\n<tr>\r\n<td>Wassergymnastik \/ Tag<\/td>\r\n<td>3,50 \u20ac<\/td>\r\n<\/tr>\r\n<tr>\r\n<td>Wassergymnastik 10er Karte<\/td>\r\n<td>30,00 \u20ac<\/td>\r\n<\/tr>\r\n<tr>\r\n<td>Aquajogging-Ausr\u00fcstung \/ Tag<\/td>\r\n<td>2,50 \u20ac (zzgl. Pfand)<\/td>\r\n<\/tr>\r\n<\/tbody>\r\n<\/table>\r\n<\/figure>\r\n\r\n\r\n\r\n<h1 class=\"wp-block-heading\">Anfahrt<\/h1>\r\n\r\n\r\n\r\n<div class=\"textwidget\">\r\n<p>Parkpl\u00e4tze befinden sich an der Mehrzweckhalle und auf dem Bolzplatz.<\/p>\r\n<p><strong>Adresse f\u00fcr die Navigation:<\/strong><br \/><a href=\"https:\/\/goo.gl\/maps\/Ccubm7riYPMRM1Hu7\">Am Brauck, 58730 Fr\u00f6ndenberg\/Ruhr<\/a><\/p>\r\n<\/div>\r\n\r\n\r\n\r\n<p><iframe loading=\"lazy\" style=\"border: 0px; --wp-dark-mode-inline-border-top: initial; --wp-dark-mode-inline-border-right: initial; --wp-dark-mode-inline-border-bottom: initial; --wp-dark-mode-inline-border-left: initial;\" src=\"https:\/\/www.google.com\/maps\/embed?pb=!1m18!1m12!1m3!1d2484.788389412338!2d7.689216715655626!3d51.48039842049828!2m3!1f0!2f0!3f0!3m2!1i1024!2i768!4f13.1!3m3!1m2!1s0x47b96b25b4bc2519%3A0xb41fbb4940288bc4!2sAm%20Brauck%2C%2058730%20Fr%C3%B6ndenberg%2FRuhr!5e0!3m2!1sde!2sde!4v1634843232946!5m2!1sde!2sde\" width=\"600\" height=\"450\" allowfullscreen=\"allowfullscreen\"><\/iframe><\/p>\r\n\r\n\r\n\r\n<p><strong>Adresse des Freibads<\/strong> (keine Parkm\u00f6glichkeit):<br \/>Am Schwimmbad 1c, 58730 Fr\u00f6ndenberg\/Ruhr<\/p>\r\n","protected":false},"excerpt":{"rendered":"<p>\u00d6ffnungszeiten Saison beginnt voraussichtlich am 01.05.2026: Regul\u00e4rer Eintritt Schwimmzeiten (Mo-So): 9:30 &#8211; 19:30 Uhr Letzter Einlass: 19:00 Uhr Fr\u00fchschwimmen (nur mit Saisonkarte) Schwimmzeiten (Mo-Fr): 6:00 &#8211; 8:00 Uhr Letzter Einlass: 7:30 Uhr Das Fr\u00fchschwimmen findet nicht an Feiertagen statt. Preise Saisonkarten Erwachsene 65 \u20ac (Vereinsmitglieder 50 \u20ac) Kinder\/erm\u00e4\u00dfigt* 40 \u20ac (Vereinsmitglieder 30 \u20ac) Familienkarte 130 &hellip; <\/p>\n<p class=\"link-more\"><a href=\"https:\/\/freibad-dellwig.de\/index.php\/offnungszeiten-und-preise\/\" class=\"more-link\"><span class=\"screen-reader-text\">\u201e\u00d6ffnungszeiten und Preise\u201c<\/span> weiterlesen<\/a><\/p>\n","protected":false},"author":1,"featured_media":0,"parent":0,"menu_order":0,"comment_status":"closed","ping_status":"closed","template":"","meta":{"footnotes":""},"class_list":["post-120","page","type-page","status-publish","hentry"],"_links":{"self":[{"href":"https:\/\/freibad-dellwig.de\/index.php\/wp-json\/wp\/v2\/pages\/120","targetHints":{"allow":["GET"]}}],"collection":[{"href":"https:\/\/freibad-dellwig.de\/index.php\/wp-json\/wp\/v2\/pages"}],"about":[{"href":"https:\/\/freibad-dellwig.de\/index.php\/wp-json\/wp\/v2\/types\/page"}],"author":[{"embeddable":true,"href":"https:\/\/freibad-dellwig.de\/index.php\/wp-json\/wp\/v2\/users\/1"}],"replies":[{"embeddable":true,"href":"https:\/\/freibad-dellwig.de\/index.php\/wp-json\/wp\/v2\/comments?post=120"}],"version-history":[{"count":93,"href":"https:\/\/freibad-dellwig.de\/index.php\/wp-json\/wp\/v2\/pages\/120\/revisions"}],"predecessor-version":[{"id":3552,"href":"https:\/\/freibad-dellwig.de\/index.php\/wp-json\/wp\/v2\/pages\/120\/revisions\/3552"}],"wp:attachment":[{"href":"https:\/\/freibad-dellwig.de\/index.php\/wp-json\/wp\/v2\/media?parent=120"}],"curies":[{"name":"wp","href":"https:\/\/api.w.org\/{rel}","templated":true}]}}