{"id":1449,"date":"2020-04-02T16:58:52","date_gmt":"2020-04-02T14:58:52","guid":{"rendered":"https:\/\/freibad-dellwig.de\/?page_id=1449"},"modified":"2026-02-28T11:57:28","modified_gmt":"2026-02-28T10:57:28","slug":"datenschutz","status":"publish","type":"page","link":"https:\/\/freibad-dellwig.de\/index.php\/datenschutz\/","title":{"rendered":"Datenschutz"},"content":{"rendered":"<h1>Datenschutzerkl\u00e4rung<\/h1>\n<p>Diese Datenschutzerkl\u00e4rung gilt f\u00fcr die Datenverarbeitung durch<\/p>\n<p><strong>F\u00f6rderverein Freibad Dellwig e.V.<\/strong><br \/>\nE-Mail: info@freibad-dellwig.de<br \/>\nTel.: 02378 2504<\/p>\n<p>vertreten durch den Vorstand<\/p>\n<p><strong>1. Vorsitzender: Uli Bartsch<\/strong><br \/>\nSchlesierstr. 6, 58730 Fr\u00f6ndenberg-Ardey<br \/>\n58730 Fr\u00f6ndenberg-Ardey<br \/>\n<a href=\"mailto:markus.kleine@freibad-dellwig.de\">uli.bartsch@freibad-dellwig.de<\/a><\/p>\n<p><strong>2. Vorsitzende: Sabine Kock<\/strong><br \/>\n<a title=\"Email an Annette Reeske\" href=\"mailto:annette.reeske@freibad-dellwig.de\">sabine.kock@freibad-dellwig.de<\/a><\/p>\n<p>als Verantwortliche.<\/p>\n<h2>1. Erhebung und Speicherung personenbezogener Daten, Art und Zweck der Verwendung<strong>\u00a0<\/strong><\/h2>\n<p>Als personenbezogene Daten gelten s\u00e4mtliche Informationen, welche dazu dienen, Ihre Person zu bestimmen und welche zu Ihnen zur\u00fcckverfolgt werden k\u00f6nnen, z. B. Name, Anschrift, E-Mail-Adresse, IP-Adresse, Telefonnummer.<\/p>\n<p>Die Nutzung dieser Website ist grunds\u00e4tzlich ohne Angabe personenbezogener Daten m\u00f6glich. Soweit Sie den Service \u201eKontakt\u201c nutzen m\u00f6chten, erfolgt dies stets auf freiwilliger Basis. N\u00e4heres unten unter \u201eKontaktformular\u201c.<\/p>\n<h3>1.1 Server-Logfiles<\/h3>\n<p>Beim Aufruf dieser Website werden durch den auf Ihrem Endger\u00e4t zum Einsatz kommenden Browser automatisch Informationen an den Server unserer Website gesendet. Diese Informationen werden tempor\u00e4r in einem sogenannten Logfile gespeichert. Folgende Informationen werden dabei ohne Ihr Zutun erfasst und bis zur automatischen L\u00f6schung gespeichert:<\/p>\n<p>&#8211; IP-Adresse des anfragenden Rechners<\/p>\n<p>&#8211; Datum und Uhrzeit des Zugriffs<\/p>\n<p>&#8211; Name und URL der abgerufenen Datei<\/p>\n<p>&#8211; Website, von der aus der Zugriff erfolgt (Referrer-URL)<\/p>\n<p>&#8211; Verwendeter Browser und gegebenenfalls das Betriebssystem Ihres Rechners<\/p>\n<p>&#8211; Name Ihres Access-Providers.<\/p>\n<p>Die genannten Daten werden durch uns zu folgenden Zwecken verarbeitet:<\/p>\n<p>&#8211; Gew\u00e4hrleistung eines reibungslosen Verbindungsaufbaus<\/p>\n<p>&#8211; Gew\u00e4hrleistung einer komfortablen Nutzung unserer Website<\/p>\n<p>&#8211; Auswertung der Systemsicherheit und -Stabilit\u00e4t<\/p>\n<p>&#8211; zu weiteren administrativen Zwecken.<\/p>\n<p>Die Rechtsgrundlage f\u00fcr die Datenverarbeitung ist Art. 6 Abs.1 Satz1 Datenschutzgrundverordnung (DSGVO). Unser berechtigtes Interesse folgt aus den oben aufgelisteten Zwecken zur Datenverarbeitung. In keinem Fall verwenden wir die erhobenen Daten zu dem Zweck, R\u00fcckschl\u00fcsse auf Ihre Person zu ziehen.<\/p>\n<h3>1.2 Kontaktformular<\/h3>\n<p>Wir bieten Ihnen die M\u00f6glichkeit, \u00fcber E-Mail und\/oder \u00fcber ein auf unserer Website bereitgestelltes Formular mit uns Kontakt aufzunehmen. Dabei ist die Angabe Ihres Namens und einer g\u00fcltigen E-Mail-Adresse erforderlich, um Sie unsererseits kontaktieren zu k\u00f6nnen. Alle weiteren Angaben k\u00f6nnen freiwillig get\u00e4tigt werden. Wir verwenden die von Ihnen \u00fcbermittelten personenbezogenen Daten und sonstigen Angaben ausschlie\u00dflich f\u00fcr die Bearbeitung Ihrer konkreten Anfrage. S\u00e4mtliche Daten werden vertraulich behandelt und ohne Ihre Einwilligung nicht an Dritte weitergegeben.<\/p>\n<p>Die Datenverarbeitung zu diesem Zweck erfolgt auf der Grundlage Ihrer freiwillig erteilten Einwilligung nach Art. 6 Abs. 1 S. 1 lit. a DSGVO.<\/p>\n<p>Die von Ihnen in das Formular eingegebenen personenbezogenen Daten werden nicht gespeichert und nach Weiterleitung an uns serverseitig automatisch gel\u00f6scht.<\/p>\n<h3>1.3\u00a0Cookies<\/h3>\n<p>Es wird beim Aufruf unserer Website lediglich ein sogenannter Session-Cookie gesetzt. Nach Verlassen unserer Website werden diese automatisch gel\u00f6scht. Sie k\u00f6nnen Ihren Browser so konfigurieren, dass keine Cookies auf Ihrem Computer gespeichert werden oder ein Hinweis erscheint, bevor ein neuer Cookie angelegt wird. Die vollst\u00e4ndige Deaktivierung von Cookies kann jedoch dazu f\u00fchren, dass nicht alle Funktionen unserer Website nutzen k\u00f6nnen.<\/p>\n<h3>1.4 Social Media Plug-ins<\/h3>\n<p>Wir setzen auf unserer Website Social Media Plug-ins der Netzwerke Facebook und Twitter ein. Die Verantwortung f\u00fcr den datenschutzkonformen Betrieb ist durch den jeweiligen Anbieter zu gew\u00e4hrleisten.<\/p>\n<p>1.4.1\u00a0Facebook<\/p>\n<p>Wenn Sie eine Seite unserer Website aufrufen, die ein Plug-in enth\u00e4lt, baut Ihr Browser eine direkte Verbindung mit dem Server von Facebook auf. Der Inhalt des Plug-ins wird von Facebook direkt an Ihren Browser \u00fcbermittelt und von diesem in die Website eingebunden. Durch die Einbindung der Plug-ins erh\u00e4lt Facebook die Information, dass Ihr Browser die entsprechende Seite unseres Auftritts aufgerufen hat, auch wenn Sie kein Facebook-Konto besitzen oder gerade nicht bei Facebook eingeloggt sind. Diese Information einschlie\u00dflich Ihrer IP-Adresse wird von Ihren Browser direkt an einen Server von Facebook in den USA \u00fcbermittelt und dort gespeichert. Sind Sie bei Facebook eingeloggt, kann Facebook unsere Website Ihrem Facebook-Konto direkt zuordnen. Interagieren Sie mit den Plug-ins, wird die entsprechende Information ebenfalls direkt an einen Server von Facebook \u00fcbermittelt und dort gespeichert. Die Informationen werden auf Facebook ver\u00f6ffentlicht und Ihren Facebook-Freunden angezeigt.<\/p>\n<p>Facebook kann die Informationen zum Zwecke der Werbung, Marktforschung und bedarfsgerechter Gestaltung der Facebook-Seiten nutzen. Von Facebook werden Nutzungs-, Interessen- und Beziehungsprofile erstellt. Wenn Sie vermeiden wollen, dass Facebook die \u00fcber unsere Website gesammelten Daten Ihrem Facebook-Konto zuordnet, m\u00fcssen Sie sich vor dem Besuch unserer Website bei Facebook ausloggen.<\/p>\n<p>Zweck und Umfang der Datenerhebung und die weitere Verarbeitung und Nutzung der Daten durch Facebook sowie Ihre diesbez\u00fcglichen Rechte und Einstellungsm\u00f6glichkeiten zum Schutz Ihrer Privatsph\u00e4re entnehmen Sie bitte den Datenschutzhinweisen (<a class=\"cm_anchor\" href=\"https:\/\/www.facebook.com\/about\/privacy\/\" target=\"_blank\" rel=\"noreferrer noopener\">https:\/\/www.facebook.com\/about\/privacy\/<\/a>) von Facebook.<\/p>\n<p>1.4.2\u00a0Twitter<\/p>\n<p>Auf unserer Website sind desweiteren Plugins des Kurznachrichtendienstes Twitter Inc. integriert. Sie erkennen die Plug-ins (tweet-Button) an dem Twitter-Logo. Eine \u00dcbersicht der tweet-Buttons finden Sie hier (<a class=\"cm_anchor\" href=\"https:\/\/about.twitter.com\/resources\/buttons\" target=\"_blank\" rel=\"noreferrer noopener\">https:\/\/about.twitter.com\/resources\/buttons<\/a>). Wenn Sie eine Seite unserer Website aufrufen, die ein Plug-in enth\u00e4lt, wird eine direkte Verbindung zwischen Ihrem Browser und dem Twitter-Server hergestellt. Twitter erh\u00e4lt dadurch die Information, dass Sie mit Ihrer IP-Adresse unsere Seite besucht haben. Wenn Sie den Twitter Tweet-Button anklicken, w\u00e4hrend Sie in Ihrem Twitter-Acount eingeloggt sind, kann Ihr Besuch auf unsrer Seite von Twitter zugeordnet werden. Wir weisen darauf hin, dass wir als Anbieter unsrere Seite keine Kenntnis vom Inhalt der \u00fcbermittelten Daten sowie deren Nutzung durch Twitter erhalten. Wenn Sie nicht w\u00fcnschen, dass Twitter den Besuch unserer Seite zuordnen kann, m\u00fcssen Sie sich aus dem Twitter-Benutzer-Konto ausloggen. Weitere Informationen finden Sie in der Datenschutzerkl\u00e4rung von Twitter Inc. (<a class=\"cm_anchor\" href=\"https:\/\/twitter.com\/privacy\" target=\"_blank\" rel=\"noreferrer noopener\">https:\/\/twitter.com\/privacy<\/a>).<\/p>\n<h2>2. Weitergabe von Daten<\/h2>\n<p>Wir verpflichten uns, alle von uns erhobenen oder an uns weitergeleiteten personenbezogenen Daten nach den geltenden Datenschutzbestimmungen zu behandeln.<\/p>\n<p>Eine \u00dcbermittlung Ihrer pers\u00f6nlichen Daten an Dritte findet ausschlie\u00dflich nur dann statt, wenn<\/p>\n<p>&#8211; Sie Ihre nach Art. 6 Abs.1 Satz 1 lit. a DSGVO ausdr\u00fcckliche Einwilligung f\u00fcr einen oder mehrere Zwecke erteilt haben,<\/p>\n<p>&#8211; nach Art. 6 Abs.1 Satz 1 lit. c DSGVO eine gesetzliche Verpflichtung besteht,<\/p>\n<p>&#8211; dies gesetzlich zul\u00e4ssig und nach Art. 6 Abs.1 Satz 1 lit. b DSGVO f\u00fcr die Abwicklung von Vertragsverh\u00e4ltnissen mit Ihnen erforderlich ist.<\/p>\n<h2>3. Betroffenenrechte<\/h2>\n<p>Sie habe das Recht, jederzeit und unentgeltlich<\/p>\n<p>&#8211; Auskunft \u00fcber Ihre von uns verarbeiteten personenbezogenen Daten zu verlangen\u00a0(Art. 15 DSGVO). Insbesondere k\u00f6nnen Sie Auskunft \u00fcber die Verarbeitungszwecke, die Kategorie der personenbezogenen Daten, die Kategorien von Empf\u00e4ngern, gegen\u00fcber denen Ihre Daten offengelegt wurden oder werden, die geplante Speicherdauer, das Bestehen eines Rechts auf Berichtigung, L\u00f6schung, Einschr\u00e4nkung der Verarbeitung oder Widerspruch, das Bestehen eines Beschwerderechts, die Herkunft Ihrer Daten, sofern diese nicht bei uns erhoben werden oder wurden, sowie \u00fcber das Bestehen einer automatisierten Entscheidungsfindung einschlie\u00dflich Profiling und gegebenenfalls aussagekr\u00e4ftigen Informationen zu deren Einzelheiten zu verlangen,<\/p>\n<p>&#8211; die unverz\u00fcgliche Berichtigung unrichtiger oder die Vervollst\u00e4ndigung Ihrer bei uns gespeicherten personenbezogenen Daten zu verlangen (Art. 16 DSGVO),<\/p>\n<p>&#8211; die L\u00f6schung der bei uns gespeicherten personenbezogenen Daten zu verlangen, soweit nicht die Verarbeitung zur Aus\u00fcbung des Rechts der freien Meinungs\u00e4u\u00dferung und Information, zur Erf\u00fcllung einer rechtlichen Verpflichtung, aus Gr\u00fcnden des \u00f6ffentlichen Interesses erforderlich ist (Art. 17 DSGVO). Soweit gesetzliche Aufbewahrungsfristen bestehen, sind wir berechtigt, auch ansonsten zur L\u00f6schung ausgewiesene Daten weiterhin zu speichern. Soweit zur Wahrung gesetzlicher Pflichten erforderlich, sind wir berechtigt, diese Daten auch zu verwenden und zu verarbeiten.<\/p>\n<p>&#8211; die Einschr\u00e4nkung der Verarbeitung Ihrer personenbezogenen Daten zu verlangen, soweit die Richtigkeit der Daten von Ihnen bestritten wird, die Verarbeitung unrechtm\u00e4\u00dfig ist, Sie aber deren L\u00f6schung ablehnen und wir die Daten nicht mehr ben\u00f6tigen, Sie jedoch diese zur Geltendmachung , Aus\u00fcbung oder Verteidigung von Rechtsanspr\u00fcchen ben\u00f6tigen oder Sie gem\u00e4\u00df Art. 21 DSGVO Widerspruch gegen die Verarbeitung eingelegt haben ( Art. 18 DSGVO),<\/p>\n<p>&#8211; Ihre personenbezogenen Daten, die Sie uns bereitgestellt haben, in einem strukturierten, g\u00e4ngigen und maschinenlesbaren Format zu erhalten oder die \u00dcbermittlung an einen anderen Verantwortlichen zu verlangen (Art. 20 DSGVO)<\/p>\n<p>&#8211; Ihre einmal erteilte Einwilligung jederzeit gegen\u00fcber uns zu widerrufen (Art. 7 Abs. 3 DSGVO). Dies hat zur Folge, dass wir die Datenverarbeitung, die auf dieser Einwilligung beruht, f\u00fcr die Zukunft nicht mehr fortf\u00fchren d\u00fcrfen,<\/p>\n<p>&#8211; sich bei einer Aufsichtsbeh\u00f6rde zu beschweren (Art. 77 DSGVO). In der Regel k\u00f6nnen Sie sich hierf\u00fcr an die Aufsichtsbeh\u00f6rde Ihres \u00fcblichen Aufenthaltsortes oder Arbeitsplatzes oder unseres Unternehmenssitzes wenden.<\/p>\n<p>Wenn Sie von Ihren Rechten Gebrauch machen m\u00f6chten, gen\u00fcgt eine E-Mail an info@freibad-dellwig.de.<\/p>\n<h2>4. Widerspruchsrecht<\/h2>\n<p>Sofern Ihre personenbezogenen Daten auf der Grundlage von berechtigten Interessen gem\u00e4\u00df Art. 6 Abs.1 Satz 1 lit. f DSGVO verarbeitet werden, haben Sie das Recht, gem\u00e4\u00df Art. 21 DSGVO Widerspruch gegen die Verarbeitung Ihrer personenbezogenen Daten einzulegen, soweit daf\u00fcr Gr\u00fcnde vorliegen, die sich aus Ihrer besonderen Situation ergeben oder sich der Widerspruch gegen Direktwerbung richtet. Im letzten Fall haben Sie ein generelles Widerspruchsrecht, das ohne Angabe einer besonderen Situation von uns umgesetzt wird. Wenn Sie von Ihrem Widerrufs- oder Widerspruchsrecht Gebrauch machen m\u00f6chten, gen\u00fcgt eine E-Mail an info@freibad-dellwig.de.<strong>\u00a0<\/strong><\/p>\n<h2>5.\u00a0Datensicherheit<\/h2>\n<p>Wir verwenden innerhalb des Website-Besuches das g\u00e4ngige SSL-Verfahren (Secure Socket Layer) in Verbindung mit der jeweils h\u00f6chsten Verschl\u00fcsselungsstufe, die von Ihrem Browser unterst\u00fctzt wird. In der Regel handelt es sich dabei um eine 256-Bit-Verschl\u00fcsselung. Falls diese von Ihrem Browser nicht unterst\u00fctzt wird, greifen wir stattdessen auf 128-Bit-Verschl\u00fcsselung zur\u00fcck. Ob eine Seite unseres Internetauftrittes verschl\u00fcsselt \u00fcbertragen wird, k\u00f6nnen Sie an der geschlossenen Darstellung des Schl\u00fcssel- bzw. Schloss-Symbols in der unteren Statusleiste Ihres Browsers erkennen.<\/p>\n<p>Wir bedienen uns im \u00dcbrigen geeigneter technischer und organisatorischer Sicherheitsma\u00dfnahmen, um Ihre Daten gegen zuf\u00e4llige oder vors\u00e4tzliche Manipulationen, teilweisen oder vollst\u00e4ndigen Verlust, Zerst\u00f6rung oder gegen unbefugten Zugriff Dritter zu sch\u00fctzen. Unserer Sicherheitsma\u00dfnahmen werden entsprechend der technischen Entwicklung fortlaufend verbessert und aktualisiert.<\/p>\n<p>Es wird darauf hingewiesen, dass die Daten\u00fcbertragung im Internet (z.B. per E-Mail) dennoch Sicherheitsl\u00fccken aufweisen kann. Ein l\u00fcckenloser Schutz vor Zugriffen Dritter ist nach aktuellem Stand der Technik nicht m\u00f6glich.<strong>\u00a0<\/strong><\/p>\n<h2>6. Aktualit\u00e4t und \u00c4nderung dieser Datenschutzerkl\u00e4rung<\/h2>\n<p>Diese Datenschutzerkl\u00e4rung und -information ist aktuell g\u00fcltig und hat den Stand April 2020.<\/p>\n<p>Durch die Weiterentwicklung unserer Website oder aufgrund ge\u00e4nderter gesetzlicher oder beh\u00f6rdlicher Vorgaben kann es notwendig werden, diese Datenschutzerkl\u00e4rung zu \u00e4ndern und zu aktualisieren. Die jeweils aktuelle Datenschutzerkl\u00e4rung kann jederzeit auf unserer Website aufgerufen und ausgedruckt werden.<\/p>\n","protected":false},"excerpt":{"rendered":"<p>Datenschutzerkl\u00e4rung Diese Datenschutzerkl\u00e4rung gilt f\u00fcr die Datenverarbeitung durch F\u00f6rderverein Freibad Dellwig e.V. E-Mail: info@freibad-dellwig.de Tel.: 02378 2504 vertreten durch den Vorstand 1. Vorsitzender: Uli Bartsch Schlesierstr. 6, 58730 Fr\u00f6ndenberg-Ardey 58730 Fr\u00f6ndenberg-Ardey uli.bartsch@freibad-dellwig.de 2. Vorsitzende: Sabine Kock sabine.kock@freibad-dellwig.de als Verantwortliche. 1. Erhebung und Speicherung personenbezogener Daten, Art und Zweck der Verwendung\u00a0 Als personenbezogene Daten gelten s\u00e4mtliche &hellip; <\/p>\n<p class=\"link-more\"><a href=\"https:\/\/freibad-dellwig.de\/index.php\/datenschutz\/\" class=\"more-link\"><span class=\"screen-reader-text\">\u201eDatenschutz\u201c<\/span> weiterlesen<\/a><\/p>\n","protected":false},"author":1,"featured_media":0,"parent":0,"menu_order":0,"comment_status":"closed","ping_status":"closed","template":"","meta":{"footnotes":""},"class_list":["post-1449","page","type-page","status-publish","hentry"],"_links":{"self":[{"href":"https:\/\/freibad-dellwig.de\/index.php\/wp-json\/wp\/v2\/pages\/1449","targetHints":{"allow":["GET"]}}],"collection":[{"href":"https:\/\/freibad-dellwig.de\/index.php\/wp-json\/wp\/v2\/pages"}],"about":[{"href":"https:\/\/freibad-dellwig.de\/index.php\/wp-json\/wp\/v2\/types\/page"}],"author":[{"embeddable":true,"href":"https:\/\/freibad-dellwig.de\/index.php\/wp-json\/wp\/v2\/users\/1"}],"replies":[{"embeddable":true,"href":"https:\/\/freibad-dellwig.de\/index.php\/wp-json\/wp\/v2\/comments?post=1449"}],"version-history":[{"count":11,"href":"https:\/\/freibad-dellwig.de\/index.php\/wp-json\/wp\/v2\/pages\/1449\/revisions"}],"predecessor-version":[{"id":3503,"href":"https:\/\/freibad-dellwig.de\/index.php\/wp-json\/wp\/v2\/pages\/1449\/revisions\/3503"}],"wp:attachment":[{"href":"https:\/\/freibad-dellwig.de\/index.php\/wp-json\/wp\/v2\/media?parent=1449"}],"curies":[{"name":"wp","href":"https:\/\/api.w.org\/{rel}","templated":true}]}}