{"id":2011,"date":"2021-09-01T08:49:48","date_gmt":"2021-09-01T06:49:48","guid":{"rendered":"https:\/\/freibad-dellwig.de\/?page_id=2011"},"modified":"2021-09-09T17:02:20","modified_gmt":"2021-09-09T15:02:20","slug":"top-sponsorenvertrag","status":"publish","type":"page","link":"https:\/\/freibad-dellwig.de\/index.php\/medien\/top-sponsorenvertrag\/","title":{"rendered":"(Top-)Sponsorenvertrag"},"content":{"rendered":"<p>Was es bedeutet Sponsor des Freibad Dellwig zu sein erl\u00e4utern wir <a href=\"https:\/\/freibad-dellwig.de\/wp-content\/uploads\/2020\/08\/Erl\u00e4uterungen-zum-Sponsorenvertrag.pdf\">hier<\/a>.<\/p>\n<p>Wir sind froh dar\u00fcber, dass Privatpersonen und Unternehmen uns finanziell unterst\u00fctzen. An dieser Stelle finden Sie den <a href=\"https:\/\/freibad-dellwig.de\/wp-content\/uploads\/2021\/09\/Sponsorenvertrag-Privatsponsoren-BH-200330-2.pdf\">Sponsorenvertrag f\u00fcr Privatpersonen<\/a> und den <a href=\"https:\/\/freibad-dellwig.de\/wp-content\/uploads\/2021\/09\/Sponsorenvertrag-BH-200819-2.pdf\">(Top-)Sponsorenvertrag f\u00fcr Unternehmen<\/a>.<\/p>\n<p>F\u00fcr Ihre Unterst\u00fctzung bedanken wir uns im voraus.<\/p>\n<p>&nbsp;<\/p>\n","protected":false},"excerpt":{"rendered":"<p>Was es bedeutet Sponsor des Freibad Dellwig zu sein erl\u00e4utern wir hier. Wir sind froh dar\u00fcber, dass Privatpersonen und Unternehmen uns finanziell unterst\u00fctzen. An dieser Stelle finden Sie den Sponsorenvertrag f\u00fcr Privatpersonen und den (Top-)Sponsorenvertrag f\u00fcr Unternehmen. F\u00fcr Ihre Unterst\u00fctzung bedanken wir uns im voraus. &nbsp;<\/p>\n","protected":false},"author":8,"featured_media":0,"parent":741,"menu_order":1,"comment_status":"closed","ping_status":"closed","template":"","meta":{"footnotes":""},"class_list":["post-2011","page","type-page","status-publish","hentry"],"_links":{"self":[{"href":"https:\/\/freibad-dellwig.de\/index.php\/wp-json\/wp\/v2\/pages\/2011","targetHints":{"allow":["GET"]}}],"collection":[{"href":"https:\/\/freibad-dellwig.de\/index.php\/wp-json\/wp\/v2\/pages"}],"about":[{"href":"https:\/\/freibad-dellwig.de\/index.php\/wp-json\/wp\/v2\/types\/page"}],"author":[{"embeddable":true,"href":"https:\/\/freibad-dellwig.de\/index.php\/wp-json\/wp\/v2\/users\/8"}],"replies":[{"embeddable":true,"href":"https:\/\/freibad-dellwig.de\/index.php\/wp-json\/wp\/v2\/comments?post=2011"}],"version-history":[{"count":9,"href":"https:\/\/freibad-dellwig.de\/index.php\/wp-json\/wp\/v2\/pages\/2011\/revisions"}],"predecessor-version":[{"id":2031,"href":"https:\/\/freibad-dellwig.de\/index.php\/wp-json\/wp\/v2\/pages\/2011\/revisions\/2031"}],"up":[{"embeddable":true,"href":"https:\/\/freibad-dellwig.de\/index.php\/wp-json\/wp\/v2\/pages\/741"}],"wp:attachment":[{"href":"https:\/\/freibad-dellwig.de\/index.php\/wp-json\/wp\/v2\/media?parent=2011"}],"curies":[{"name":"wp","href":"https:\/\/api.w.org\/{rel}","templated":true}]}}