{"id":2492,"date":"2023-03-16T17:56:16","date_gmt":"2023-03-16T16:56:16","guid":{"rendered":"https:\/\/freibad-dellwig.de\/?page_id=2492"},"modified":"2026-02-14T09:49:36","modified_gmt":"2026-02-14T08:49:36","slug":"schwimmkurs","status":"publish","type":"page","link":"https:\/\/freibad-dellwig.de\/index.php\/home\/schwimmkurs\/","title":{"rendered":"Schwimmkurs"},"content":{"rendered":"<p>Wir haben derzeit noch Pl\u00e4tze sowohl vor den Sommerferien als auch in den Ferien frei. Es geht mit dem ersten Kurs am 15. Juni los. Der Kurs findet 15 Mal jeweils Montags, Mittwochs und Freitags nachmittags statt (16 Uhr) und dauert immer ca. eine Dreiviertelstunde.<\/p>\n<p>In den Sommerferien bieten wir Kurse (mit jeweils 12 Kindern) in der ersten und zweiten Ferienh\u00e4lfte an. Sie finden jeweils vormittags wochent\u00e4glich, also von Montags bis Freitags statt, dauern also jeweils drei Wochen. Start f\u00fcr die erste Ferienh\u00e4lfte ist der 20.7. (also bis zum 7.8.) und f\u00fcr die zweite Runde der 10.8. (bis zum 28.8.).<\/p>\n<p>Der Kurs kostet weiterhin 130 Euro und ist f\u00fcr Kinder ab 5 Jahre.<\/p>\n<p>Bei Interesse schreibt uns gerne eine E-Mail an: <a href=\"mailto:schwimmkurs@freibad-dellwig.de\">schwimmkurs@freibad-dellwig.de<\/a><\/p>\n<p><img loading=\"lazy\" decoding=\"async\" class=\"alignnone size-medium wp-image-2493\" src=\"https:\/\/freibad-dellwig.de\/wp-content\/uploads\/2023\/03\/Schwimmkurs-300x300.jpg\" alt=\"\" width=\"300\" height=\"300\" srcset=\"https:\/\/freibad-dellwig.de\/wp-content\/uploads\/2023\/03\/Schwimmkurs-300x300.jpg 300w, https:\/\/freibad-dellwig.de\/wp-content\/uploads\/2023\/03\/Schwimmkurs-150x150.jpg 150w, https:\/\/freibad-dellwig.de\/wp-content\/uploads\/2023\/03\/Schwimmkurs-768x769.jpg 768w, https:\/\/freibad-dellwig.de\/wp-content\/uploads\/2023\/03\/Schwimmkurs-100x100.jpg 100w, https:\/\/freibad-dellwig.de\/wp-content\/uploads\/2023\/03\/Schwimmkurs.jpg 959w\" sizes=\"auto, (max-width: 300px) 100vw, 300px\" \/><\/p>\n","protected":false},"excerpt":{"rendered":"<p>Wir haben derzeit noch Pl\u00e4tze sowohl vor den Sommerferien als auch in den Ferien frei. Es geht mit dem ersten Kurs am 15. Juni los. Der Kurs findet 15 Mal jeweils Montags, Mittwochs und Freitags nachmittags statt (16 Uhr) und dauert immer ca. eine Dreiviertelstunde. In den Sommerferien bieten wir Kurse (mit jeweils 12 Kindern) &hellip; <\/p>\n<p class=\"link-more\"><a href=\"https:\/\/freibad-dellwig.de\/index.php\/home\/schwimmkurs\/\" class=\"more-link\"><span class=\"screen-reader-text\">\u201eSchwimmkurs\u201c<\/span> weiterlesen<\/a><\/p>\n","protected":false},"author":2,"featured_media":0,"parent":4,"menu_order":0,"comment_status":"closed","ping_status":"closed","template":"","meta":{"footnotes":""},"class_list":["post-2492","page","type-page","status-publish","hentry"],"_links":{"self":[{"href":"https:\/\/freibad-dellwig.de\/index.php\/wp-json\/wp\/v2\/pages\/2492","targetHints":{"allow":["GET"]}}],"collection":[{"href":"https:\/\/freibad-dellwig.de\/index.php\/wp-json\/wp\/v2\/pages"}],"about":[{"href":"https:\/\/freibad-dellwig.de\/index.php\/wp-json\/wp\/v2\/types\/page"}],"author":[{"embeddable":true,"href":"https:\/\/freibad-dellwig.de\/index.php\/wp-json\/wp\/v2\/users\/2"}],"replies":[{"embeddable":true,"href":"https:\/\/freibad-dellwig.de\/index.php\/wp-json\/wp\/v2\/comments?post=2492"}],"version-history":[{"count":5,"href":"https:\/\/freibad-dellwig.de\/index.php\/wp-json\/wp\/v2\/pages\/2492\/revisions"}],"predecessor-version":[{"id":3496,"href":"https:\/\/freibad-dellwig.de\/index.php\/wp-json\/wp\/v2\/pages\/2492\/revisions\/3496"}],"up":[{"embeddable":true,"href":"https:\/\/freibad-dellwig.de\/index.php\/wp-json\/wp\/v2\/pages\/4"}],"wp:attachment":[{"href":"https:\/\/freibad-dellwig.de\/index.php\/wp-json\/wp\/v2\/media?parent=2492"}],"curies":[{"name":"wp","href":"https:\/\/api.w.org\/{rel}","templated":true}]}}