{"id":310,"date":"2017-11-15T18:54:39","date_gmt":"2017-11-15T17:54:39","guid":{"rendered":"http:\/\/test.freibad-dellwig.de\/?page_id=310"},"modified":"2026-02-28T11:40:07","modified_gmt":"2026-02-28T10:40:07","slug":"ggmbh","status":"publish","type":"page","link":"https:\/\/freibad-dellwig.de\/index.php\/ggmbh\/","title":{"rendered":"gGmbH"},"content":{"rendered":"<p><strong>Vorstellung der Freibad Dellwig gGmbH<\/strong><\/p>\n<figure id=\"attachment_324\" aria-describedby=\"caption-attachment-324\" style=\"width: 525px\" class=\"wp-caption alignnone\"><a href=\"http:\/\/freibad-dellwig.de\/wp-content\/uploads\/2017\/11\/Luftbild.jpg\" target=\"_blank\" rel=\"noopener noreferrer\"><img loading=\"lazy\" decoding=\"async\" class=\"wp-image-324 size-large\" src=\"http:\/\/freibad-dellwig.de\/wp-content\/uploads\/2017\/11\/Luftbild-1024x646.jpg\" alt=\"Luftbild vom Freibad Dellwig\" width=\"525\" height=\"331\" srcset=\"https:\/\/freibad-dellwig.de\/wp-content\/uploads\/2017\/11\/Luftbild-1024x646.jpg 1024w, https:\/\/freibad-dellwig.de\/wp-content\/uploads\/2017\/11\/Luftbild-300x189.jpg 300w, https:\/\/freibad-dellwig.de\/wp-content\/uploads\/2017\/11\/Luftbild-768x485.jpg 768w, https:\/\/freibad-dellwig.de\/wp-content\/uploads\/2017\/11\/Luftbild.jpg 1420w\" sizes=\"auto, (max-width: 525px) 100vw, 525px\" \/><\/a><figcaption id=\"caption-attachment-324\" class=\"wp-caption-text\">Luftbild vom Freibad Dellwig<\/figcaption><\/figure>\n<p>Betreiber des Freibades Dellwig ist die <strong>Freibad Dellwig gGmbH<\/strong>. Diese Betriebsgesellschaft wird von zwei Gesch\u00e4ftsf\u00fchrern geleitet, aktuell sind diese Dirk Weise und Dirk M\u00fchlpfordt. Ihre Mitarbeiterinnen, die sich in traditionell bester Manier um unser sch\u00f6nes, ruhiges und gepflegtes Bad k\u00fcmmern, sind derzeit Danielle Werner (Fachkraft f\u00fcr das B\u00e4derwesen), Patricia Nobis-Wright an der Kasse und Natasha (in Kiosk und Imbiss).<\/p>\n<p>Die Freibad Dellwig gGmbH wird im wesentlichen durch eigene Einnahmen, durch einen j\u00e4hrlichen Zuschuss von 75.000 \u20ac der Stadt Fr\u00f6ndenberg und durch den F\u00f6rderverein Freibad Dellwig e. V.\u00a0 (35.000 \u20ac j\u00e4hrlich) finanziert.<\/p>\n<p>Der Zuschuss der Stadt ist f\u00fcr Betriebskosten und f\u00fcr Investitionen zu verwenden. Leider ist der Zuschuss mit 7% zu besteuern, so dass bereits j\u00e4hrlich 5.250 \u20ac an das Finanzamt abflie\u00dfen.<\/p>\n<p>Der F\u00f6rderverein Freibad Dellwig e. V. stellt seinen Beitrag im Wesentlichen aus den Mitgliedsbeitr\u00e4gen zur Verf\u00fcgung. Der Jahresbeitrag von 36 \u20ac f\u00fcr Erwachsene und 18 \u20ac f\u00fcr minderj\u00e4hrige, auszubildende und studierende Mitglieder ist seit der Vereinsgr\u00fcndung in 2011 unver\u00e4ndert. Im Finazkonzept des F\u00f6rdervereins sind j\u00e4hrliche Abgaben an die Gemeinn\u00fctzige Freibad Dellwig GmbH von mindestens 13.500 \u20ac aus Mitgliedsbeitr\u00e4gen, 10.000 \u20ac aus Sponsoring und 4.150 \u20ac aus Veranstaltungen eingeplant.<\/p>\n<p>Die Mitgliedsbeitr\u00e4ge werden im M\u00e4rz eingezogen, zu einem Zeitpunkt, zu dem noch kein Badebetrieb stattfindet, aber bereits die ersten Kosten anfallen. Damit sind die Mitglieder eine wesentliche und vor allem verl\u00e4ssliche S\u00e4ule der Finanzierung unseres B\u00fcrgerbades.<\/p>\n<p>Das Sponsorenteam hat sich vorgenommen, j\u00e4hrlich 10.000 \u20ac aus Sponsoring zu erzielen. Anders als bei Spenden erhalten beim Sponsoring die Geldgeber eine Gegenleistung. Die Leistung die hierf\u00fcr durch F\u00f6rderverein und Betriebsgesellschaft erbracht wird erfolgt in Form von Werbung. Auf der Sponsorentafel im Freibad und auf unserer Internetpr\u00e4senz werden die Sponsoren namentlich, zum Teil auch mit eigenem Logo genannt. Durch das neue Konzept des TOP-Sponsorings (verbindliche, j\u00e4hrliche Unterst\u00fctzung des B\u00fcrgerbades) wird das Team langfristig einen festen Stamm von Unternehmen und Privatpersonen an das Bad binden k\u00f6nnen.<\/p>\n<p>Das Veranstaltungsteam verbindet bei seiner Arbeit das Angenehme mit dem N\u00fctzlichen. 4.150 \u20ac m\u00fcssen durch die Veranstaltungen im B\u00fcrgerbad mindestens eingenommen werden.<\/p>\n<p>Klar ist: Je mehr verl\u00e4ssliche und damit kalkulierbare Einnahmen vorhanden sind, um so mehr Zeit bleibt den Aktiven des B\u00fcrgerbades, sich mit der Weiterentwicklung des Bades, das bekanntlich zu einem der sch\u00f6nsten im Ruhrtal z\u00e4hlt, zu befassen. Die Familienfreundlichkeit steht dabei besonders im Fokus.<\/p>\n<p>&nbsp;<\/p>\n","protected":false},"excerpt":{"rendered":"<p>Vorstellung der Freibad Dellwig gGmbH Betreiber des Freibades Dellwig ist die Freibad Dellwig gGmbH. Diese Betriebsgesellschaft wird von zwei Gesch\u00e4ftsf\u00fchrern geleitet, aktuell sind diese Dirk Weise und Dirk M\u00fchlpfordt. Ihre Mitarbeiterinnen, die sich in traditionell bester Manier um unser sch\u00f6nes, ruhiges und gepflegtes Bad k\u00fcmmern, sind derzeit Danielle Werner (Fachkraft f\u00fcr das B\u00e4derwesen), Patricia Nobis-Wright &hellip; <\/p>\n<p class=\"link-more\"><a href=\"https:\/\/freibad-dellwig.de\/index.php\/ggmbh\/\" class=\"more-link\"><span class=\"screen-reader-text\">\u201egGmbH\u201c<\/span> weiterlesen<\/a><\/p>\n","protected":false},"author":1,"featured_media":0,"parent":0,"menu_order":0,"comment_status":"closed","ping_status":"closed","template":"","meta":{"footnotes":""},"class_list":["post-310","page","type-page","status-publish","hentry"],"_links":{"self":[{"href":"https:\/\/freibad-dellwig.de\/index.php\/wp-json\/wp\/v2\/pages\/310","targetHints":{"allow":["GET"]}}],"collection":[{"href":"https:\/\/freibad-dellwig.de\/index.php\/wp-json\/wp\/v2\/pages"}],"about":[{"href":"https:\/\/freibad-dellwig.de\/index.php\/wp-json\/wp\/v2\/types\/page"}],"author":[{"embeddable":true,"href":"https:\/\/freibad-dellwig.de\/index.php\/wp-json\/wp\/v2\/users\/1"}],"replies":[{"embeddable":true,"href":"https:\/\/freibad-dellwig.de\/index.php\/wp-json\/wp\/v2\/comments?post=310"}],"version-history":[{"count":19,"href":"https:\/\/freibad-dellwig.de\/index.php\/wp-json\/wp\/v2\/pages\/310\/revisions"}],"predecessor-version":[{"id":3499,"href":"https:\/\/freibad-dellwig.de\/index.php\/wp-json\/wp\/v2\/pages\/310\/revisions\/3499"}],"wp:attachment":[{"href":"https:\/\/freibad-dellwig.de\/index.php\/wp-json\/wp\/v2\/media?parent=310"}],"curies":[{"name":"wp","href":"https:\/\/api.w.org\/{rel}","templated":true}]}}