{"id":331,"date":"2017-11-20T13:46:57","date_gmt":"2017-11-20T12:46:57","guid":{"rendered":"http:\/\/test.freibad-dellwig.de\/?page_id=331"},"modified":"2026-04-11T18:46:19","modified_gmt":"2026-04-11T16:46:19","slug":"downloads","status":"publish","type":"page","link":"https:\/\/freibad-dellwig.de\/index.php\/downloads\/","title":{"rendered":"Links und Downloads"},"content":{"rendered":"<p><strong>Mitglieder<\/strong><\/p>\r\n<p><a href=\"https:\/\/freibad-dellwig.de\/wp-content\/uploads\/2022\/09\/Beitrittserkla\u0308rung-2022-220913.pdf\" target=\"_blank\" rel=\"noopener noreferrer\">Beitrittserkl\u00e4rung<\/a><\/p>\r\n<p>&nbsp;<\/p>\r\n<p><strong>Sponsoren<\/strong><\/p>\r\n<p><a href=\"https:\/\/freibad-dellwig.de\/index.php\/medien\/top-sponsorenvertrag\/\">(Top-)Sponsorenvertrag<\/a><\/p>\r\n<p><strong>Satzung\u00a0<\/strong><\/p>\r\n<p><a href=\"https:\/\/freibad-dellwig.de\/wp-content\/uploads\/2026\/04\/Satzung-Foerderverein-Fassung-23.03.2025.pdf\">Satzung des F\u00f6rdervereins Freibad Dellwig e.V.<\/a><\/p>\r\n<p><strong>Jahreshauptversammlung<\/strong><\/p>\r\n<p><a href=\"https:\/\/freibad-dellwig.de\/wp-content\/uploads\/2026\/03\/Einladung-JHV-2026-22.03.2026-13.02.2026.pdf\" target=\"_blank\" rel=\"noopener\">Einladung zur Jahreshauptversammlung 2026<\/a><\/p>\r\n<p><a href=\"https:\/\/freibad-dellwig.de\/wp-content\/uploads\/2026\/03\/Protokoll-JHV-2025-23.03.2025-BH.pdf\" target=\"_blank\" rel=\"noopener\">Protokoll zur Jahreshauptversammlung 2025<\/a><\/p>\r\n\r\n<p><a href=\"https:\/\/freibad-dellwig.de\/wp-content\/uploads\/2025\/03\/Beitragsordnung-Foerdervereins-Freibad-Dellwig-Beschlussvorlage-fuer-Mitgliederversammlung-am-23.03.2025-18.02.2025.pdf\">Beschlussvorlage f\u00fcr Beitragsordnung 2025<\/a><\/p>\r\n<p><a href=\"https:\/\/freibad-dellwig.de\/wp-content\/uploads\/2025\/03\/Satzung-Foerderverein-Beschlussvorlage-fuer-Mitgliederversammlung-am-23.03.2025-18.02.2025.pdf\">Beschlussvorlage f\u00fcr Satzungs\u00e4nderungen 2025<\/a><\/p>\r\n<p><a href=\"https:\/\/freibad-dellwig.de\/wp-content\/uploads\/2025\/03\/Kassen-und-Kassenpruefungsordnung-Foerderverein-Freibad-Dellwig-Beschlussvorlage-fuer-Mitgliederversammlung-23.03.2025-18.02.2025.pdf\">Beschlussvorlage f\u00fcr Kassen- und Kassenpr\u00fcfungsordnung <\/a><\/p>\r\n","protected":false},"excerpt":{"rendered":"<p>Mitglieder Beitrittserkl\u00e4rung &nbsp; Sponsoren (Top-)Sponsorenvertrag Satzung\u00a0 Satzung des F\u00f6rdervereins Freibad Dellwig e.V. Jahreshauptversammlung Einladung zur Jahreshauptversammlung 2026 Protokoll zur Jahreshauptversammlung 2025 Beschlussvorlage f\u00fcr Beitragsordnung 2025 Beschlussvorlage f\u00fcr Satzungs\u00e4nderungen 2025 Beschlussvorlage f\u00fcr Kassen- und Kassenpr\u00fcfungsordnung<\/p>\n","protected":false},"author":2,"featured_media":0,"parent":0,"menu_order":0,"comment_status":"closed","ping_status":"closed","template":"","meta":{"footnotes":""},"class_list":["post-331","page","type-page","status-publish","hentry"],"_links":{"self":[{"href":"https:\/\/freibad-dellwig.de\/index.php\/wp-json\/wp\/v2\/pages\/331","targetHints":{"allow":["GET"]}}],"collection":[{"href":"https:\/\/freibad-dellwig.de\/index.php\/wp-json\/wp\/v2\/pages"}],"about":[{"href":"https:\/\/freibad-dellwig.de\/index.php\/wp-json\/wp\/v2\/types\/page"}],"author":[{"embeddable":true,"href":"https:\/\/freibad-dellwig.de\/index.php\/wp-json\/wp\/v2\/users\/2"}],"replies":[{"embeddable":true,"href":"https:\/\/freibad-dellwig.de\/index.php\/wp-json\/wp\/v2\/comments?post=331"}],"version-history":[{"count":52,"href":"https:\/\/freibad-dellwig.de\/index.php\/wp-json\/wp\/v2\/pages\/331\/revisions"}],"predecessor-version":[{"id":3559,"href":"https:\/\/freibad-dellwig.de\/index.php\/wp-json\/wp\/v2\/pages\/331\/revisions\/3559"}],"wp:attachment":[{"href":"https:\/\/freibad-dellwig.de\/index.php\/wp-json\/wp\/v2\/media?parent=331"}],"curies":[{"name":"wp","href":"https:\/\/api.w.org\/{rel}","templated":true}]}}