{"id":3484,"date":"2026-01-27T20:42:39","date_gmt":"2026-01-27T19:42:39","guid":{"rendered":"https:\/\/freibad-dellwig.de\/?page_id=3484"},"modified":"2026-04-21T22:00:49","modified_gmt":"2026-04-21T20:00:49","slug":"grillhuette","status":"publish","type":"page","link":"https:\/\/freibad-dellwig.de\/index.php\/grillhuette\/","title":{"rendered":"Grillh\u00fctte"},"content":{"rendered":"<p><strong>Grillh\u00fctte im Freibad zu vermieten &#8211; Ideal f\u00fcr Gruppen\u00a0<\/strong><\/p>\n<p>Lust auf eine gem\u00fctliche Feier? Unsere Grillh\u00fctte im Freibad ist der perfekte Ort f\u00fcr dein n\u00e4chstes Event! Ob Geburtstagsfeier, Jubil\u00e4um oder Klassenfest &#8211; unsere Grillh\u00fctte bietet deinen G\u00e4sten und dir die Gelegenheit, zusammenzukommen und einen sommerlichen Tag in guter Atmosph\u00e4re zu genie\u00dfen.<\/p>\n<p><strong>Was wir bieten:\u00a0<\/strong><\/p>\n<ul>\n<li>Einladende Grillh\u00fctte: Ausgestattet mit einem zentralen Grill,\u00a0 Sitzgelegenheiten und ausreichend Platz<\/li>\n<li>Zugang zum Freibad: Es besteht die M\u00f6glichkeit w\u00e4hrend der regul\u00e4ren \u00d6ffnungszeiten die Mietung der Grillh\u00fctte mit einer Abk\u00fchlung in unserem Sport- oder Kinderbecken zu kombinieren<\/li>\n<li>Erwerb von Grillgut und Getr\u00e4nken direkt vor Ort m\u00f6glich. Sprechen Sie uns gerne an.<\/li>\n<\/ul>\n<p><strong>Hinweis zur Buchung und Mietbedingunge<\/strong><strong>n:\u00a0<\/strong><\/p>\n<ul>\n<li>Die Vermietung erfolgt nur bei vorab geschickter, unterzeichneter Vereinbarung und Best\u00e4tigung der Buchung durch uns<\/li>\n<li>Ansprechpartner bei Fragen und zur Vermietung ist Frau H\u00f6flein, die Sie unter info@freibad-dellwig.de oder zu unseren \u00d6ffnungszeiten (in der Saison) unter der Telefonnummer 02378\/2504 erreichen k\u00f6nnen.<\/li>\n<\/ul>\n<p>&nbsp;<\/p>\n<p><img loading=\"lazy\" decoding=\"async\" class=\"wp-image-3564 aligncenter\" src=\"https:\/\/freibad-dellwig.de\/wp-content\/uploads\/2026\/04\/Grillhuette-2-300x225.jpeg\" alt=\"\" width=\"301\" height=\"226\" srcset=\"https:\/\/freibad-dellwig.de\/wp-content\/uploads\/2026\/04\/Grillhuette-2-300x225.jpeg 300w, https:\/\/freibad-dellwig.de\/wp-content\/uploads\/2026\/04\/Grillhuette-2-1024x768.jpeg 1024w, https:\/\/freibad-dellwig.de\/wp-content\/uploads\/2026\/04\/Grillhuette-2-768x576.jpeg 768w, https:\/\/freibad-dellwig.de\/wp-content\/uploads\/2026\/04\/Grillhuette-2-1536x1152.jpeg 1536w, https:\/\/freibad-dellwig.de\/wp-content\/uploads\/2026\/04\/Grillhuette-2.jpeg 2048w\" sizes=\"auto, (max-width: 301px) 100vw, 301px\" \/><\/p>\n<p><img loading=\"lazy\" decoding=\"async\" class=\"wp-image-3563 aligncenter\" src=\"https:\/\/freibad-dellwig.de\/wp-content\/uploads\/2026\/04\/Grillhuette-1-300x225.jpeg\" alt=\"\" width=\"301\" height=\"226\" srcset=\"https:\/\/freibad-dellwig.de\/wp-content\/uploads\/2026\/04\/Grillhuette-1-300x225.jpeg 300w, https:\/\/freibad-dellwig.de\/wp-content\/uploads\/2026\/04\/Grillhuette-1-1024x768.jpeg 1024w, https:\/\/freibad-dellwig.de\/wp-content\/uploads\/2026\/04\/Grillhuette-1-768x576.jpeg 768w, https:\/\/freibad-dellwig.de\/wp-content\/uploads\/2026\/04\/Grillhuette-1-1536x1152.jpeg 1536w, https:\/\/freibad-dellwig.de\/wp-content\/uploads\/2026\/04\/Grillhuette-1.jpeg 2048w\" sizes=\"auto, (max-width: 301px) 100vw, 301px\" \/><\/p>\n<p>&nbsp;<\/p>\n<p>&nbsp;<\/p>\n<p>&nbsp;<\/p>\n<p>&nbsp;<\/p>\n","protected":false},"excerpt":{"rendered":"<p>Grillh\u00fctte im Freibad zu vermieten &#8211; Ideal f\u00fcr Gruppen\u00a0 Lust auf eine gem\u00fctliche Feier? Unsere Grillh\u00fctte im Freibad ist der perfekte Ort f\u00fcr dein n\u00e4chstes Event! Ob Geburtstagsfeier, Jubil\u00e4um oder Klassenfest &#8211; unsere Grillh\u00fctte bietet deinen G\u00e4sten und dir die Gelegenheit, zusammenzukommen und einen sommerlichen Tag in guter Atmosph\u00e4re zu genie\u00dfen. Was wir bieten:\u00a0 Einladende &hellip; <\/p>\n<p class=\"link-more\"><a href=\"https:\/\/freibad-dellwig.de\/index.php\/grillhuette\/\" class=\"more-link\"><span class=\"screen-reader-text\">\u201eGrillh\u00fctte\u201c<\/span> weiterlesen<\/a><\/p>\n","protected":false},"author":2,"featured_media":0,"parent":0,"menu_order":0,"comment_status":"closed","ping_status":"closed","template":"","meta":{"footnotes":""},"class_list":["post-3484","page","type-page","status-publish","hentry"],"_links":{"self":[{"href":"https:\/\/freibad-dellwig.de\/index.php\/wp-json\/wp\/v2\/pages\/3484","targetHints":{"allow":["GET"]}}],"collection":[{"href":"https:\/\/freibad-dellwig.de\/index.php\/wp-json\/wp\/v2\/pages"}],"about":[{"href":"https:\/\/freibad-dellwig.de\/index.php\/wp-json\/wp\/v2\/types\/page"}],"author":[{"embeddable":true,"href":"https:\/\/freibad-dellwig.de\/index.php\/wp-json\/wp\/v2\/users\/2"}],"replies":[{"embeddable":true,"href":"https:\/\/freibad-dellwig.de\/index.php\/wp-json\/wp\/v2\/comments?post=3484"}],"version-history":[{"count":4,"href":"https:\/\/freibad-dellwig.de\/index.php\/wp-json\/wp\/v2\/pages\/3484\/revisions"}],"predecessor-version":[{"id":3566,"href":"https:\/\/freibad-dellwig.de\/index.php\/wp-json\/wp\/v2\/pages\/3484\/revisions\/3566"}],"wp:attachment":[{"href":"https:\/\/freibad-dellwig.de\/index.php\/wp-json\/wp\/v2\/media?parent=3484"}],"curies":[{"name":"wp","href":"https:\/\/api.w.org\/{rel}","templated":true}]}}