{"id":4,"date":"2020-04-04T14:11:51","date_gmt":"2020-04-04T12:11:51","guid":{"rendered":"http:\/\/traufabrik.dyndns.org\/Freibad\/?page_id=4"},"modified":"2022-11-09T20:54:41","modified_gmt":"2022-11-09T19:54:41","slug":"home","status":"publish","type":"page","link":"https:\/\/freibad-dellwig.de\/","title":{"rendered":"B\u00fcrgerbad Dellwig"},"content":{"rendered":"<h2>SCHWIMMEN MACHT LAUNE<\/h2>\n\n<div data-mode=\"normal\" data-oembed=\"1\" data-provider=\"youtube\" id=\"arve-youtube-fhzsdg2tsfi\" style=\"max-width:525px;\" class=\"arve\">\n\t<div class=\"arve-inner\">\n\t\t<div style=\"aspect-ratio:105\/59\" class=\"arve-embed arve-embed--has-aspect-ratio\">\n\t\t\t<div class=\"arve-ar\" style=\"padding-top:56.190476%\"><\/div>\n\t\t\t<iframe allow=\"accelerometer &apos;none&apos;;autoplay &apos;none&apos;;bluetooth &apos;none&apos;;browsing-topics &apos;none&apos;;camera &apos;none&apos;;clipboard-read &apos;none&apos;;clipboard-write;display-capture &apos;none&apos;;encrypted-media &apos;none&apos;;gamepad &apos;none&apos;;geolocation &apos;none&apos;;gyroscope &apos;none&apos;;hid &apos;none&apos;;identity-credentials-get &apos;none&apos;;idle-detection &apos;none&apos;;keyboard-map &apos;none&apos;;local-fonts;magnetometer &apos;none&apos;;microphone &apos;none&apos;;midi &apos;none&apos;;otp-credentials &apos;none&apos;;payment &apos;none&apos;;picture-in-picture;publickey-credentials-create &apos;none&apos;;publickey-credentials-get &apos;none&apos;;screen-wake-lock &apos;none&apos;;serial &apos;none&apos;;summarizer &apos;none&apos;;sync-xhr;usb &apos;none&apos;;web-share;window-management &apos;none&apos;;xr-spatial-tracking &apos;none&apos;;\" allowfullscreen=\"\" class=\"arve-iframe fitvidsignore\" credentialless data-arve=\"arve-youtube-fhzsdg2tsfi\" data-lenis-prevent=\"\" data-src-no-ap=\"https:\/\/www.youtube-nocookie.com\/embed\/FHzSdg2TSFI?feature=oembed&amp;iv_load_policy=3&amp;modestbranding=1&amp;rel=0&amp;autohide=1&amp;playsinline=0&amp;autoplay=0\" frameborder=\"0\" height=\"295\" loading=\"lazy\" name=\"\" referrerpolicy=\"strict-origin-when-cross-origin\" sandbox=\"allow-scripts allow-same-origin allow-presentation allow-popups allow-popups-to-escape-sandbox\" scrolling=\"no\" src=\"https:\/\/www.youtube-nocookie.com\/embed\/FHzSdg2TSFI?feature=oembed&#038;iv_load_policy=3&#038;modestbranding=1&#038;rel=0&#038;autohide=1&#038;playsinline=0&#038;autoplay=0\" title=\"\" width=\"525\"><\/iframe>\n\t\t\t\n\t\t<\/div>\n\t\t\n\t<\/div>\n\t\n\t\n\t<script type=\"application\/ld+json\">{\"@context\":\"http:\\\/\\\/schema.org\\\/\",\"@id\":\"https:\\\/\\\/freibad-dellwig.de\\\/#arve-youtube-fhzsdg2tsfi\",\"type\":\"VideoObject\",\"embedURL\":\"https:\\\/\\\/www.youtube-nocookie.com\\\/embed\\\/FHzSdg2TSFI?feature=oembed&iv_load_policy=3&modestbranding=1&rel=0&autohide=1&playsinline=0&autoplay=0\"}<\/script>\n\t\n<\/div>\n<p>So hei\u00dft das Motto des Freibades Dellwig.<\/p>\n<p>Egal ob du hier im Sommer eine Abk\u00fchlung im Wasser suchst oder im Herbst das Bad als Spa\u00df f\u00fcr deine Vierbeiner nutzt. Auch tolle Veranstaltungen wie den &#8222;Kids &amp; Sports Day&#8220;, Mondscheinschwimmen, Mallorca-Party, Halloween Horror-Party bieten wir euch unter normalen Lebensbedingungen an. Aber w\u00e4hrend der Corona-Pandemie ist leider vieles nicht m\u00f6glich. Deshalb informiert euch \u00fcber die Seiten <a href=\"https:\/\/freibad-dellwig.de\/index.php\/blog\/\">Aktuelles<\/a> oder <a href=\"https:\/\/freibad-dellwig.de\/index.php\/forderverein\/mitgliederinfo\/\">F\u00f6rderverein<\/a> dar\u00fcber was gerade im Freibad m\u00f6glich ist.<\/p>\n<p>Dies ist leider alles nicht mehr m\u00f6glich, wenn das Bad geschlossen wird. Wie bereits in der Presse zu lesen war, ist der Haushalt der Stadt Fr\u00f6ndenberg knapp bemessen (Grundsteuer B und Hundesteuer werden z. B. erh\u00f6ht). Die Stadt macht Werbung f\u00fcr das Freibad, aber eine finanzielle Unterst\u00fctzung ist immer auch vom Haushaltsgeld der Stadt abh\u00e4ngig und nicht garantiert dauerhaft m\u00f6glich..<\/p>\n<p>Der F\u00f6rderverein des Freibades, den es seit 2011 gibt, z\u00e4hlt mittlerweile mehr als 600 Mitglieder und unterst\u00fctzt den Erhalt des Freibades aus den Beitr\u00e4gen der Mitglieder, durch den ehrenamtlichen Einsatz von Mitgliedern bei Veranstaltungen (Veranstaltungs-Team). Der ehrenamtliche Einsatz des Gr\u00fcnteams und des Rasenteams wird das Gel\u00e4nde des Bades gepflegt. Hierdurch k\u00f6nnen Ausgaben eingespart werden.<\/p>\n\n\n<figure class=\"wp-block-image size-full is-resized is-style-default\"><img loading=\"lazy\" decoding=\"async\" src=\"https:\/\/freibad-dellwig.de\/wp-content\/uploads\/2018\/02\/Bad-e1519301672188.jpg\" alt=\"Luftbild des Freibads\" class=\"wp-image-566\" width=\"669\" height=\"540\"\/><\/figure>\n","protected":false},"excerpt":{"rendered":"<p>SCHWIMMEN MACHT LAUNE So hei\u00dft das Motto des Freibades Dellwig. Egal ob du hier im Sommer eine Abk\u00fchlung im Wasser suchst oder im Herbst das Bad als Spa\u00df f\u00fcr deine Vierbeiner nutzt. Auch tolle Veranstaltungen wie den &#8222;Kids &amp; Sports Day&#8220;, Mondscheinschwimmen, Mallorca-Party, Halloween Horror-Party bieten wir euch unter normalen Lebensbedingungen an. Aber w\u00e4hrend der &hellip; <\/p>\n<p class=\"link-more\"><a href=\"https:\/\/freibad-dellwig.de\/\" class=\"more-link\"><span class=\"screen-reader-text\">\u201eB\u00fcrgerbad Dellwig\u201c<\/span> weiterlesen<\/a><\/p>\n","protected":false},"author":1,"featured_media":0,"parent":0,"menu_order":0,"comment_status":"closed","ping_status":"closed","template":"","meta":{"footnotes":""},"class_list":["post-4","page","type-page","status-publish","hentry"],"_links":{"self":[{"href":"https:\/\/freibad-dellwig.de\/index.php\/wp-json\/wp\/v2\/pages\/4","targetHints":{"allow":["GET"]}}],"collection":[{"href":"https:\/\/freibad-dellwig.de\/index.php\/wp-json\/wp\/v2\/pages"}],"about":[{"href":"https:\/\/freibad-dellwig.de\/index.php\/wp-json\/wp\/v2\/types\/page"}],"author":[{"embeddable":true,"href":"https:\/\/freibad-dellwig.de\/index.php\/wp-json\/wp\/v2\/users\/1"}],"replies":[{"embeddable":true,"href":"https:\/\/freibad-dellwig.de\/index.php\/wp-json\/wp\/v2\/comments?post=4"}],"version-history":[{"count":51,"href":"https:\/\/freibad-dellwig.de\/index.php\/wp-json\/wp\/v2\/pages\/4\/revisions"}],"predecessor-version":[{"id":2367,"href":"https:\/\/freibad-dellwig.de\/index.php\/wp-json\/wp\/v2\/pages\/4\/revisions\/2367"}],"wp:attachment":[{"href":"https:\/\/freibad-dellwig.de\/index.php\/wp-json\/wp\/v2\/media?parent=4"}],"curies":[{"name":"wp","href":"https:\/\/api.w.org\/{rel}","templated":true}]}}