{"id":445,"date":"2018-02-21T13:54:17","date_gmt":"2018-02-21T12:54:17","guid":{"rendered":"http:\/\/test.freibad-dellwig.de\/?page_id=445"},"modified":"2019-05-13T18:48:15","modified_gmt":"2019-05-13T16:48:15","slug":"gruenteam","status":"publish","type":"page","link":"https:\/\/freibad-dellwig.de\/index.php\/mitmachen-im-buergerbad\/gruenteam\/","title":{"rendered":"Gr\u00fcnteam"},"content":{"rendered":"<p>Freiwillig und ehrenamtlich treffen wir uns von April bis Oktober, vor der Badesaison unregelm\u00e4\u00dfig samstags nach einem Einsatzplan um 10.00 Uhr, w\u00e4hrend der Badesaison samstags vierzehnt\u00e4gig\u00a0 ab 9.30 Uhr.<\/p>\n<p>Das sind unsere Aufgaben:<\/p>\n<p>&#8211;\u00a0\u00a0\u00a0\u00a0\u00a0 Bepflanzung und Pflege der Beete<\/p>\n<p>&#8211;\u00a0\u00a0\u00a0\u00a0\u00a0 Rasen schneiden<\/p>\n<p>&#8211;\u00a0\u00a0\u00a0\u00a0\u00a0 Rasenr\u00e4nder s\u00e4ubern<\/p>\n<p>&#8211;\u00a0\u00a0\u00a0\u00a0\u00a0 \u201eRitzenunkr\u00e4uter\u201c entfernen<\/p>\n<p>Das alles machen wir, damit unser Schwimmbad gepflegt und ansprechend aussieht und so bei den Badeg\u00e4sten gut ankommt.<\/p>\n<p>Die Pflanzen werden in der Regel von G\u00e4rtnereien und Blumengesch\u00e4ften der Umgebung gespendet.<\/p>\n<p>\u00dcber weitere Helfer im Gr\u00fcnteam w\u00fcrden wir uns freuen, auch wenn nicht jeder Samstagtermin wahrgenommen werden kann<\/p>\n<h1 style=\"text-align: center;\"><strong>\u00a0Ansprechpartner<\/strong><\/h1>\n<p style=\"text-align: center;\"><strong>Doris Reeske<\/strong><\/p>\n<p style=\"text-align: center;\">Tel: 02378\/3806<\/p>\n<p><img loading=\"lazy\" decoding=\"async\" class=\"size-medium wp-image-645 aligncenter\" src=\"http:\/\/freibad-dellwig.de\/wp-content\/uploads\/2018\/02\/IMG_1771-1-290x300.jpg\" alt=\"\" width=\"290\" height=\"300\" srcset=\"https:\/\/freibad-dellwig.de\/wp-content\/uploads\/2018\/02\/IMG_1771-1-290x300.jpg 290w, https:\/\/freibad-dellwig.de\/wp-content\/uploads\/2018\/02\/IMG_1771-1-768x796.jpg 768w, https:\/\/freibad-dellwig.de\/wp-content\/uploads\/2018\/02\/IMG_1771-1-988x1024.jpg 988w, https:\/\/freibad-dellwig.de\/wp-content\/uploads\/2018\/02\/IMG_1771-1.jpg 2024w\" sizes=\"auto, (max-width: 290px) 100vw, 290px\" \/><\/p>\n<p>&nbsp;<\/p>\n<p>&nbsp;<\/p>\n","protected":false},"excerpt":{"rendered":"<p>Freiwillig und ehrenamtlich treffen wir uns von April bis Oktober, vor der Badesaison unregelm\u00e4\u00dfig samstags nach einem Einsatzplan um 10.00 Uhr, w\u00e4hrend der Badesaison samstags vierzehnt\u00e4gig\u00a0 ab 9.30 Uhr. Das sind unsere Aufgaben: &#8211;\u00a0\u00a0\u00a0\u00a0\u00a0 Bepflanzung und Pflege der Beete &#8211;\u00a0\u00a0\u00a0\u00a0\u00a0 Rasen schneiden &#8211;\u00a0\u00a0\u00a0\u00a0\u00a0 Rasenr\u00e4nder s\u00e4ubern &#8211;\u00a0\u00a0\u00a0\u00a0\u00a0 \u201eRitzenunkr\u00e4uter\u201c entfernen Das alles machen wir, damit unser Schwimmbad &hellip; <\/p>\n<p class=\"link-more\"><a href=\"https:\/\/freibad-dellwig.de\/index.php\/mitmachen-im-buergerbad\/gruenteam\/\" class=\"more-link\"><span class=\"screen-reader-text\">\u201eGr\u00fcnteam\u201c<\/span> weiterlesen<\/a><\/p>\n","protected":false},"author":7,"featured_media":684,"parent":754,"menu_order":0,"comment_status":"closed","ping_status":"closed","template":"","meta":{"footnotes":""},"class_list":["post-445","page","type-page","status-publish","has-post-thumbnail","hentry"],"_links":{"self":[{"href":"https:\/\/freibad-dellwig.de\/index.php\/wp-json\/wp\/v2\/pages\/445","targetHints":{"allow":["GET"]}}],"collection":[{"href":"https:\/\/freibad-dellwig.de\/index.php\/wp-json\/wp\/v2\/pages"}],"about":[{"href":"https:\/\/freibad-dellwig.de\/index.php\/wp-json\/wp\/v2\/types\/page"}],"author":[{"embeddable":true,"href":"https:\/\/freibad-dellwig.de\/index.php\/wp-json\/wp\/v2\/users\/7"}],"replies":[{"embeddable":true,"href":"https:\/\/freibad-dellwig.de\/index.php\/wp-json\/wp\/v2\/comments?post=445"}],"version-history":[{"count":6,"href":"https:\/\/freibad-dellwig.de\/index.php\/wp-json\/wp\/v2\/pages\/445\/revisions"}],"predecessor-version":[{"id":1245,"href":"https:\/\/freibad-dellwig.de\/index.php\/wp-json\/wp\/v2\/pages\/445\/revisions\/1245"}],"up":[{"embeddable":true,"href":"https:\/\/freibad-dellwig.de\/index.php\/wp-json\/wp\/v2\/pages\/754"}],"wp:featuredmedia":[{"embeddable":true,"href":"https:\/\/freibad-dellwig.de\/index.php\/wp-json\/wp\/v2\/media\/684"}],"wp:attachment":[{"href":"https:\/\/freibad-dellwig.de\/index.php\/wp-json\/wp\/v2\/media?parent=445"}],"curies":[{"name":"wp","href":"https:\/\/api.w.org\/{rel}","templated":true}]}}