{"id":596,"date":"2018-02-22T14:21:12","date_gmt":"2018-02-22T13:21:12","guid":{"rendered":"http:\/\/test.freibad-dellwig.de\/?page_id=596"},"modified":"2018-04-23T08:21:23","modified_gmt":"2018-04-23T06:21:23","slug":"fruehjahrsputz-2017","status":"publish","type":"page","link":"https:\/\/freibad-dellwig.de\/index.php\/medien\/bilder\/fruehjahrsputz-2017\/","title":{"rendered":"Fr\u00fchjahrsputz 2017"},"content":{"rendered":"<p>Heute war &#8222;Fr\u00fchjahrsputz&#8220; im Freibad Dellwig angesagt.<\/p>\n<p>Wie schon in den letzten Jahren auch, kam die Jugendfeuerwehr Fr\u00f6ndenberg uns zur Hilfe, um das Sportbecken mit Schrubbern, Besen und Wasserschl\u00e4uchen zu reinigen. DANKE!!! Dar\u00fcberhinaus haben viele flei\u00dfige Ehrenamtler Blumen gepflanzt, Kabinen gereinigt und vorallem am Kinderbecken aufger\u00e4umt.<\/p>\n<div class=\"text_exposed_show\">\n<p>Wir m\u00f6chten uns bei ALLEN ganz herzlich bedanken.<\/p>\n<div id='gallery-1' class='gallery galleryid-596 gallery-columns-3 gallery-size-thumbnail'><figure class='gallery-item'>\n\t\t\t<div class='gallery-icon landscape'>\n\t\t\t\t<a href='https:\/\/freibad-dellwig.de\/wp-content\/uploads\/2018\/02\/983886_1275362022539944_16055562298512375_n.jpg'><img loading=\"lazy\" decoding=\"async\" width=\"150\" height=\"150\" src=\"https:\/\/freibad-dellwig.de\/wp-content\/uploads\/2018\/02\/983886_1275362022539944_16055562298512375_n-150x150.jpg\" class=\"attachment-thumbnail size-thumbnail\" alt=\"\" srcset=\"https:\/\/freibad-dellwig.de\/wp-content\/uploads\/2018\/02\/983886_1275362022539944_16055562298512375_n-150x150.jpg 150w, https:\/\/freibad-dellwig.de\/wp-content\/uploads\/2018\/02\/983886_1275362022539944_16055562298512375_n-100x100.jpg 100w\" sizes=\"auto, 100vw\" \/><\/a>\n\t\t\t<\/div><\/figure><figure class='gallery-item'>\n\t\t\t<div class='gallery-icon landscape'>\n\t\t\t\t<a href='https:\/\/freibad-dellwig.de\/wp-content\/uploads\/2018\/02\/1606973_600222993387187_1826318269_n.jpg'><img loading=\"lazy\" decoding=\"async\" width=\"150\" height=\"150\" src=\"https:\/\/freibad-dellwig.de\/wp-content\/uploads\/2018\/02\/1606973_600222993387187_1826318269_n-150x150.jpg\" class=\"attachment-thumbnail size-thumbnail\" alt=\"\" srcset=\"https:\/\/freibad-dellwig.de\/wp-content\/uploads\/2018\/02\/1606973_600222993387187_1826318269_n-150x150.jpg 150w, https:\/\/freibad-dellwig.de\/wp-content\/uploads\/2018\/02\/1606973_600222993387187_1826318269_n-100x100.jpg 100w\" sizes=\"auto, 100vw\" \/><\/a>\n\t\t\t<\/div><\/figure><figure class='gallery-item'>\n\t\t\t<div class='gallery-icon portrait'>\n\t\t\t\t<a href='https:\/\/freibad-dellwig.de\/wp-content\/uploads\/2018\/02\/10153668_600223020053851_56752870_n.jpg'><img loading=\"lazy\" decoding=\"async\" width=\"150\" height=\"150\" src=\"https:\/\/freibad-dellwig.de\/wp-content\/uploads\/2018\/02\/10153668_600223020053851_56752870_n-150x150.jpg\" class=\"attachment-thumbnail size-thumbnail\" alt=\"\" srcset=\"https:\/\/freibad-dellwig.de\/wp-content\/uploads\/2018\/02\/10153668_600223020053851_56752870_n-150x150.jpg 150w, https:\/\/freibad-dellwig.de\/wp-content\/uploads\/2018\/02\/10153668_600223020053851_56752870_n-100x100.jpg 100w\" sizes=\"auto, 100vw\" \/><\/a>\n\t\t\t<\/div><\/figure><figure class='gallery-item'>\n\t\t\t<div class='gallery-icon landscape'>\n\t\t\t\t<a href='https:\/\/freibad-dellwig.de\/wp-content\/uploads\/2018\/02\/10154525_600222996720520_845924483_n.jpg'><img loading=\"lazy\" decoding=\"async\" width=\"150\" height=\"150\" src=\"https:\/\/freibad-dellwig.de\/wp-content\/uploads\/2018\/02\/10154525_600222996720520_845924483_n-150x150.jpg\" class=\"attachment-thumbnail size-thumbnail\" alt=\"\" srcset=\"https:\/\/freibad-dellwig.de\/wp-content\/uploads\/2018\/02\/10154525_600222996720520_845924483_n-150x150.jpg 150w, https:\/\/freibad-dellwig.de\/wp-content\/uploads\/2018\/02\/10154525_600222996720520_845924483_n-100x100.jpg 100w\" sizes=\"auto, 100vw\" \/><\/a>\n\t\t\t<\/div><\/figure><figure class='gallery-item'>\n\t\t\t<div class='gallery-icon landscape'>\n\t\t\t\t<a href='https:\/\/freibad-dellwig.de\/wp-content\/uploads\/2018\/02\/17757472_1275362049206608_1763476510334706258_n.jpg'><img loading=\"lazy\" decoding=\"async\" width=\"150\" height=\"150\" src=\"https:\/\/freibad-dellwig.de\/wp-content\/uploads\/2018\/02\/17757472_1275362049206608_1763476510334706258_n-150x150.jpg\" class=\"attachment-thumbnail size-thumbnail\" alt=\"\" srcset=\"https:\/\/freibad-dellwig.de\/wp-content\/uploads\/2018\/02\/17757472_1275362049206608_1763476510334706258_n-150x150.jpg 150w, https:\/\/freibad-dellwig.de\/wp-content\/uploads\/2018\/02\/17757472_1275362049206608_1763476510334706258_n-100x100.jpg 100w\" sizes=\"auto, 100vw\" \/><\/a>\n\t\t\t<\/div><\/figure><figure class='gallery-item'>\n\t\t\t<div class='gallery-icon portrait'>\n\t\t\t\t<a href='https:\/\/freibad-dellwig.de\/wp-content\/uploads\/2018\/02\/17799956_1275361969206616_8331259415673931928_n.jpg'><img loading=\"lazy\" decoding=\"async\" width=\"150\" height=\"150\" src=\"https:\/\/freibad-dellwig.de\/wp-content\/uploads\/2018\/02\/17799956_1275361969206616_8331259415673931928_n-150x150.jpg\" class=\"attachment-thumbnail size-thumbnail\" alt=\"\" srcset=\"https:\/\/freibad-dellwig.de\/wp-content\/uploads\/2018\/02\/17799956_1275361969206616_8331259415673931928_n-150x150.jpg 150w, https:\/\/freibad-dellwig.de\/wp-content\/uploads\/2018\/02\/17799956_1275361969206616_8331259415673931928_n-100x100.jpg 100w\" sizes=\"auto, 100vw\" \/><\/a>\n\t\t\t<\/div><\/figure>\n\t\t<\/div>\n\n<\/div>\n","protected":false},"excerpt":{"rendered":"<p>Heute war &#8222;Fr\u00fchjahrsputz&#8220; im Freibad Dellwig angesagt. Wie schon in den letzten Jahren auch, kam die Jugendfeuerwehr Fr\u00f6ndenberg uns zur Hilfe, um das Sportbecken mit Schrubbern, Besen und Wasserschl\u00e4uchen zu reinigen. DANKE!!! Dar\u00fcberhinaus haben viele flei\u00dfige Ehrenamtler Blumen gepflanzt, Kabinen gereinigt und vorallem am Kinderbecken aufger\u00e4umt. Wir m\u00f6chten uns bei ALLEN ganz herzlich bedanken.<\/p>\n","protected":false},"author":6,"featured_media":0,"parent":560,"menu_order":0,"comment_status":"closed","ping_status":"closed","template":"","meta":{"footnotes":""},"class_list":["post-596","page","type-page","status-publish","hentry"],"_links":{"self":[{"href":"https:\/\/freibad-dellwig.de\/index.php\/wp-json\/wp\/v2\/pages\/596","targetHints":{"allow":["GET"]}}],"collection":[{"href":"https:\/\/freibad-dellwig.de\/index.php\/wp-json\/wp\/v2\/pages"}],"about":[{"href":"https:\/\/freibad-dellwig.de\/index.php\/wp-json\/wp\/v2\/types\/page"}],"author":[{"embeddable":true,"href":"https:\/\/freibad-dellwig.de\/index.php\/wp-json\/wp\/v2\/users\/6"}],"replies":[{"embeddable":true,"href":"https:\/\/freibad-dellwig.de\/index.php\/wp-json\/wp\/v2\/comments?post=596"}],"version-history":[{"count":2,"href":"https:\/\/freibad-dellwig.de\/index.php\/wp-json\/wp\/v2\/pages\/596\/revisions"}],"predecessor-version":[{"id":932,"href":"https:\/\/freibad-dellwig.de\/index.php\/wp-json\/wp\/v2\/pages\/596\/revisions\/932"}],"up":[{"embeddable":true,"href":"https:\/\/freibad-dellwig.de\/index.php\/wp-json\/wp\/v2\/pages\/560"}],"wp:attachment":[{"href":"https:\/\/freibad-dellwig.de\/index.php\/wp-json\/wp\/v2\/media?parent=596"}],"curies":[{"name":"wp","href":"https:\/\/api.w.org\/{rel}","templated":true}]}}