{"id":610,"date":"2018-02-22T16:36:04","date_gmt":"2018-02-22T15:36:04","guid":{"rendered":"http:\/\/test.freibad-dellwig.de\/?page_id=610"},"modified":"2018-04-23T08:21:40","modified_gmt":"2018-04-23T06:21:40","slug":"umbau-neue-rohre","status":"publish","type":"page","link":"https:\/\/freibad-dellwig.de\/index.php\/medien\/bilder\/umbau-neue-rohre\/","title":{"rendered":"Umbau neue Rohre"},"content":{"rendered":"<h1 style=\"text-align: center;\"><strong>Die gr\u00f6\u00dfte Sanierung seit Er\u00f6ffnung des Freibades Dellwig im Jahr 1975!<\/strong><\/h1>\n<p>Zur Erinnerung: Solange das Freibad existiert, verliert es Wasser. Zuletzt <strong>32.000 Liter am Tag<\/strong> in der Saison 2015, macht Gesch\u00e4ftsf\u00fchrer Dirk Weise die Dimension deutlich. Alle bisherigen Sanierungsanl\u00e4ufe haben keinen nachhaltigen Erfolg gebracht.Es musste etwas geschehen.<\/p>\n<p>Wie Maulw\u00fcrfe gruben sich die Vereinsmitglieder durch die Wiese rund um das Becken. Pl\u00e4ne f\u00fcr die Rohrverlegung gab es nicht. Nach langem Suchen mit Muskelkraft und dem Einsatz schweren Ger\u00e4tes wurde das Leck schlie\u00dflich gefunden.<\/p>\n<p>Durch eine gro\u00dfz\u00fcgige Spende einer ans\u00e4ssigen Firma, wird die Ringleitung am Becken komplett erneuert. Diese Leitung ist verantwortlich, das das Wasser aus dem Becken in die Technik zur\u00fcckflie\u00dft!<\/p>\n<p>Schauen Sie sich diese Leistung an&#8230;.<\/p>\n<div id='gallery-1' class='gallery galleryid-610 gallery-columns-3 gallery-size-thumbnail'><figure class='gallery-item'>\n\t\t\t<div class='gallery-icon landscape'>\n\t\t\t\t<a href='https:\/\/freibad-dellwig.de\/wp-content\/uploads\/2018\/02\/20160312_175320_resized.jpg'><img loading=\"lazy\" decoding=\"async\" width=\"150\" height=\"150\" src=\"https:\/\/freibad-dellwig.de\/wp-content\/uploads\/2018\/02\/20160312_175320_resized-150x150.jpg\" class=\"attachment-thumbnail size-thumbnail\" alt=\"\" srcset=\"https:\/\/freibad-dellwig.de\/wp-content\/uploads\/2018\/02\/20160312_175320_resized-150x150.jpg 150w, https:\/\/freibad-dellwig.de\/wp-content\/uploads\/2018\/02\/20160312_175320_resized-100x100.jpg 100w\" sizes=\"auto, 100vw\" \/><\/a>\n\t\t\t<\/div><\/figure><figure class='gallery-item'>\n\t\t\t<div class='gallery-icon landscape'>\n\t\t\t\t<a href='https:\/\/freibad-dellwig.de\/wp-content\/uploads\/2018\/02\/20160319_113115_resized.jpg'><img loading=\"lazy\" decoding=\"async\" width=\"150\" height=\"150\" src=\"https:\/\/freibad-dellwig.de\/wp-content\/uploads\/2018\/02\/20160319_113115_resized-150x150.jpg\" class=\"attachment-thumbnail size-thumbnail\" alt=\"\" srcset=\"https:\/\/freibad-dellwig.de\/wp-content\/uploads\/2018\/02\/20160319_113115_resized-150x150.jpg 150w, https:\/\/freibad-dellwig.de\/wp-content\/uploads\/2018\/02\/20160319_113115_resized-100x100.jpg 100w\" sizes=\"auto, 100vw\" \/><\/a>\n\t\t\t<\/div><\/figure><figure class='gallery-item'>\n\t\t\t<div class='gallery-icon landscape'>\n\t\t\t\t<a href='https:\/\/freibad-dellwig.de\/wp-content\/uploads\/2018\/02\/20160319_113206_resized.jpg'><img loading=\"lazy\" decoding=\"async\" width=\"150\" height=\"150\" src=\"https:\/\/freibad-dellwig.de\/wp-content\/uploads\/2018\/02\/20160319_113206_resized-150x150.jpg\" class=\"attachment-thumbnail size-thumbnail\" alt=\"\" srcset=\"https:\/\/freibad-dellwig.de\/wp-content\/uploads\/2018\/02\/20160319_113206_resized-150x150.jpg 150w, https:\/\/freibad-dellwig.de\/wp-content\/uploads\/2018\/02\/20160319_113206_resized-100x100.jpg 100w\" sizes=\"auto, 100vw\" \/><\/a>\n\t\t\t<\/div><\/figure><figure class='gallery-item'>\n\t\t\t<div class='gallery-icon landscape'>\n\t\t\t\t<a href='https:\/\/freibad-dellwig.de\/wp-content\/uploads\/2018\/02\/20160331_183908_resized.jpg'><img loading=\"lazy\" decoding=\"async\" width=\"150\" height=\"150\" src=\"https:\/\/freibad-dellwig.de\/wp-content\/uploads\/2018\/02\/20160331_183908_resized-150x150.jpg\" class=\"attachment-thumbnail size-thumbnail\" alt=\"\" srcset=\"https:\/\/freibad-dellwig.de\/wp-content\/uploads\/2018\/02\/20160331_183908_resized-150x150.jpg 150w, https:\/\/freibad-dellwig.de\/wp-content\/uploads\/2018\/02\/20160331_183908_resized-100x100.jpg 100w\" sizes=\"auto, 100vw\" \/><\/a>\n\t\t\t<\/div><\/figure><figure class='gallery-item'>\n\t\t\t<div class='gallery-icon landscape'>\n\t\t\t\t<a href='https:\/\/freibad-dellwig.de\/wp-content\/uploads\/2018\/02\/20160402_111008_resized.jpg'><img loading=\"lazy\" decoding=\"async\" width=\"150\" height=\"150\" src=\"https:\/\/freibad-dellwig.de\/wp-content\/uploads\/2018\/02\/20160402_111008_resized-150x150.jpg\" class=\"attachment-thumbnail size-thumbnail\" alt=\"\" srcset=\"https:\/\/freibad-dellwig.de\/wp-content\/uploads\/2018\/02\/20160402_111008_resized-150x150.jpg 150w, https:\/\/freibad-dellwig.de\/wp-content\/uploads\/2018\/02\/20160402_111008_resized-100x100.jpg 100w\" sizes=\"auto, 100vw\" \/><\/a>\n\t\t\t<\/div><\/figure><figure class='gallery-item'>\n\t\t\t<div class='gallery-icon landscape'>\n\t\t\t\t<a href='https:\/\/freibad-dellwig.de\/wp-content\/uploads\/2018\/02\/20160402_144808_resized.jpg'><img loading=\"lazy\" decoding=\"async\" width=\"150\" height=\"150\" src=\"https:\/\/freibad-dellwig.de\/wp-content\/uploads\/2018\/02\/20160402_144808_resized-150x150.jpg\" class=\"attachment-thumbnail size-thumbnail\" alt=\"\" srcset=\"https:\/\/freibad-dellwig.de\/wp-content\/uploads\/2018\/02\/20160402_144808_resized-150x150.jpg 150w, https:\/\/freibad-dellwig.de\/wp-content\/uploads\/2018\/02\/20160402_144808_resized-100x100.jpg 100w\" sizes=\"auto, 100vw\" \/><\/a>\n\t\t\t<\/div><\/figure><figure class='gallery-item'>\n\t\t\t<div class='gallery-icon landscape'>\n\t\t\t\t<a href='https:\/\/freibad-dellwig.de\/wp-content\/uploads\/2018\/02\/20160402_144813_resized.jpg'><img loading=\"lazy\" decoding=\"async\" width=\"150\" height=\"150\" src=\"https:\/\/freibad-dellwig.de\/wp-content\/uploads\/2018\/02\/20160402_144813_resized-150x150.jpg\" class=\"attachment-thumbnail size-thumbnail\" alt=\"\" srcset=\"https:\/\/freibad-dellwig.de\/wp-content\/uploads\/2018\/02\/20160402_144813_resized-150x150.jpg 150w, https:\/\/freibad-dellwig.de\/wp-content\/uploads\/2018\/02\/20160402_144813_resized-100x100.jpg 100w\" sizes=\"auto, 100vw\" \/><\/a>\n\t\t\t<\/div><\/figure><figure class='gallery-item'>\n\t\t\t<div class='gallery-icon landscape'>\n\t\t\t\t<a href='https:\/\/freibad-dellwig.de\/wp-content\/uploads\/2018\/02\/IMG-20160313-WA0015.jpg'><img loading=\"lazy\" decoding=\"async\" width=\"150\" height=\"150\" src=\"https:\/\/freibad-dellwig.de\/wp-content\/uploads\/2018\/02\/IMG-20160313-WA0015-150x150.jpg\" class=\"attachment-thumbnail size-thumbnail\" alt=\"\" srcset=\"https:\/\/freibad-dellwig.de\/wp-content\/uploads\/2018\/02\/IMG-20160313-WA0015-150x150.jpg 150w, https:\/\/freibad-dellwig.de\/wp-content\/uploads\/2018\/02\/IMG-20160313-WA0015-100x100.jpg 100w\" sizes=\"auto, 100vw\" \/><\/a>\n\t\t\t<\/div><\/figure><figure class='gallery-item'>\n\t\t\t<div class='gallery-icon portrait'>\n\t\t\t\t<a href='https:\/\/freibad-dellwig.de\/wp-content\/uploads\/2018\/02\/IMG-20160313-WA0020.jpg'><img loading=\"lazy\" decoding=\"async\" width=\"150\" height=\"150\" src=\"https:\/\/freibad-dellwig.de\/wp-content\/uploads\/2018\/02\/IMG-20160313-WA0020-150x150.jpg\" class=\"attachment-thumbnail size-thumbnail\" alt=\"\" srcset=\"https:\/\/freibad-dellwig.de\/wp-content\/uploads\/2018\/02\/IMG-20160313-WA0020-150x150.jpg 150w, https:\/\/freibad-dellwig.de\/wp-content\/uploads\/2018\/02\/IMG-20160313-WA0020-1200x1200.jpg 1200w, https:\/\/freibad-dellwig.de\/wp-content\/uploads\/2018\/02\/IMG-20160313-WA0020-100x100.jpg 100w\" sizes=\"auto, 100vw\" \/><\/a>\n\t\t\t<\/div><\/figure><figure class='gallery-item'>\n\t\t\t<div class='gallery-icon landscape'>\n\t\t\t\t<a href='https:\/\/freibad-dellwig.de\/wp-content\/uploads\/2018\/02\/IMG-20160313-WA0021.jpg'><img loading=\"lazy\" decoding=\"async\" width=\"150\" height=\"150\" src=\"https:\/\/freibad-dellwig.de\/wp-content\/uploads\/2018\/02\/IMG-20160313-WA0021-150x150.jpg\" class=\"attachment-thumbnail size-thumbnail\" alt=\"\" srcset=\"https:\/\/freibad-dellwig.de\/wp-content\/uploads\/2018\/02\/IMG-20160313-WA0021-150x150.jpg 150w, https:\/\/freibad-dellwig.de\/wp-content\/uploads\/2018\/02\/IMG-20160313-WA0021-100x100.jpg 100w\" sizes=\"auto, 100vw\" \/><\/a>\n\t\t\t<\/div><\/figure><figure class='gallery-item'>\n\t\t\t<div class='gallery-icon landscape'>\n\t\t\t\t<a href='https:\/\/freibad-dellwig.de\/wp-content\/uploads\/2018\/02\/IMG-20160313-WA0022.jpg'><img loading=\"lazy\" decoding=\"async\" width=\"150\" height=\"150\" src=\"https:\/\/freibad-dellwig.de\/wp-content\/uploads\/2018\/02\/IMG-20160313-WA0022-150x150.jpg\" class=\"attachment-thumbnail size-thumbnail\" alt=\"\" srcset=\"https:\/\/freibad-dellwig.de\/wp-content\/uploads\/2018\/02\/IMG-20160313-WA0022-150x150.jpg 150w, https:\/\/freibad-dellwig.de\/wp-content\/uploads\/2018\/02\/IMG-20160313-WA0022-100x100.jpg 100w\" sizes=\"auto, 100vw\" \/><\/a>\n\t\t\t<\/div><\/figure><figure class='gallery-item'>\n\t\t\t<div class='gallery-icon portrait'>\n\t\t\t\t<a href='https:\/\/freibad-dellwig.de\/wp-content\/uploads\/2018\/02\/IMG-20160313-WA0023.jpg'><img loading=\"lazy\" decoding=\"async\" width=\"150\" height=\"150\" src=\"https:\/\/freibad-dellwig.de\/wp-content\/uploads\/2018\/02\/IMG-20160313-WA0023-150x150.jpg\" class=\"attachment-thumbnail size-thumbnail\" alt=\"\" srcset=\"https:\/\/freibad-dellwig.de\/wp-content\/uploads\/2018\/02\/IMG-20160313-WA0023-150x150.jpg 150w, https:\/\/freibad-dellwig.de\/wp-content\/uploads\/2018\/02\/IMG-20160313-WA0023-1200x1200.jpg 1200w, https:\/\/freibad-dellwig.de\/wp-content\/uploads\/2018\/02\/IMG-20160313-WA0023-100x100.jpg 100w\" sizes=\"auto, 100vw\" \/><\/a>\n\t\t\t<\/div><\/figure><figure class='gallery-item'>\n\t\t\t<div class='gallery-icon landscape'>\n\t\t\t\t<a href='https:\/\/freibad-dellwig.de\/wp-content\/uploads\/2018\/02\/IMG-20160313-WA0025.jpg'><img loading=\"lazy\" decoding=\"async\" width=\"150\" height=\"150\" src=\"https:\/\/freibad-dellwig.de\/wp-content\/uploads\/2018\/02\/IMG-20160313-WA0025-150x150.jpg\" class=\"attachment-thumbnail size-thumbnail\" alt=\"\" srcset=\"https:\/\/freibad-dellwig.de\/wp-content\/uploads\/2018\/02\/IMG-20160313-WA0025-150x150.jpg 150w, https:\/\/freibad-dellwig.de\/wp-content\/uploads\/2018\/02\/IMG-20160313-WA0025-100x100.jpg 100w\" sizes=\"auto, 100vw\" \/><\/a>\n\t\t\t<\/div><\/figure><figure class='gallery-item'>\n\t\t\t<div class='gallery-icon landscape'>\n\t\t\t\t<a href='https:\/\/freibad-dellwig.de\/wp-content\/uploads\/2018\/02\/IMG-20160313-WA0026.jpg'><img loading=\"lazy\" decoding=\"async\" width=\"150\" height=\"150\" src=\"https:\/\/freibad-dellwig.de\/wp-content\/uploads\/2018\/02\/IMG-20160313-WA0026-150x150.jpg\" class=\"attachment-thumbnail size-thumbnail\" alt=\"\" srcset=\"https:\/\/freibad-dellwig.de\/wp-content\/uploads\/2018\/02\/IMG-20160313-WA0026-150x150.jpg 150w, https:\/\/freibad-dellwig.de\/wp-content\/uploads\/2018\/02\/IMG-20160313-WA0026-100x100.jpg 100w\" sizes=\"auto, 100vw\" \/><\/a>\n\t\t\t<\/div><\/figure><figure class='gallery-item'>\n\t\t\t<div class='gallery-icon portrait'>\n\t\t\t\t<a href='https:\/\/freibad-dellwig.de\/wp-content\/uploads\/2018\/02\/IMG-20160313-WA0028.jpg'><img loading=\"lazy\" decoding=\"async\" width=\"150\" height=\"150\" src=\"https:\/\/freibad-dellwig.de\/wp-content\/uploads\/2018\/02\/IMG-20160313-WA0028-150x150.jpg\" class=\"attachment-thumbnail size-thumbnail\" alt=\"\" srcset=\"https:\/\/freibad-dellwig.de\/wp-content\/uploads\/2018\/02\/IMG-20160313-WA0028-150x150.jpg 150w, https:\/\/freibad-dellwig.de\/wp-content\/uploads\/2018\/02\/IMG-20160313-WA0028-1200x1200.jpg 1200w, https:\/\/freibad-dellwig.de\/wp-content\/uploads\/2018\/02\/IMG-20160313-WA0028-100x100.jpg 100w\" sizes=\"auto, 100vw\" \/><\/a>\n\t\t\t<\/div><\/figure><figure class='gallery-item'>\n\t\t\t<div class='gallery-icon landscape'>\n\t\t\t\t<a href='https:\/\/freibad-dellwig.de\/wp-content\/uploads\/2018\/02\/IMG-20160313-WA0030.jpg'><img loading=\"lazy\" decoding=\"async\" width=\"150\" height=\"150\" src=\"https:\/\/freibad-dellwig.de\/wp-content\/uploads\/2018\/02\/IMG-20160313-WA0030-150x150.jpg\" class=\"attachment-thumbnail size-thumbnail\" alt=\"\" srcset=\"https:\/\/freibad-dellwig.de\/wp-content\/uploads\/2018\/02\/IMG-20160313-WA0030-150x150.jpg 150w, https:\/\/freibad-dellwig.de\/wp-content\/uploads\/2018\/02\/IMG-20160313-WA0030-100x100.jpg 100w\" sizes=\"auto, 100vw\" \/><\/a>\n\t\t\t<\/div><\/figure><figure class='gallery-item'>\n\t\t\t<div class='gallery-icon landscape'>\n\t\t\t\t<a href='https:\/\/freibad-dellwig.de\/wp-content\/uploads\/2018\/02\/IMG-20160313-WA0031.jpg'><img loading=\"lazy\" decoding=\"async\" width=\"150\" height=\"150\" src=\"https:\/\/freibad-dellwig.de\/wp-content\/uploads\/2018\/02\/IMG-20160313-WA0031-150x150.jpg\" class=\"attachment-thumbnail size-thumbnail\" alt=\"\" srcset=\"https:\/\/freibad-dellwig.de\/wp-content\/uploads\/2018\/02\/IMG-20160313-WA0031-150x150.jpg 150w, https:\/\/freibad-dellwig.de\/wp-content\/uploads\/2018\/02\/IMG-20160313-WA0031-100x100.jpg 100w\" sizes=\"auto, 100vw\" \/><\/a>\n\t\t\t<\/div><\/figure><figure class='gallery-item'>\n\t\t\t<div class='gallery-icon landscape'>\n\t\t\t\t<a href='https:\/\/freibad-dellwig.de\/wp-content\/uploads\/2018\/02\/IMG-20160313-WA0032.jpg'><img loading=\"lazy\" decoding=\"async\" width=\"150\" height=\"150\" src=\"https:\/\/freibad-dellwig.de\/wp-content\/uploads\/2018\/02\/IMG-20160313-WA0032-150x150.jpg\" class=\"attachment-thumbnail size-thumbnail\" alt=\"\" srcset=\"https:\/\/freibad-dellwig.de\/wp-content\/uploads\/2018\/02\/IMG-20160313-WA0032-150x150.jpg 150w, https:\/\/freibad-dellwig.de\/wp-content\/uploads\/2018\/02\/IMG-20160313-WA0032-100x100.jpg 100w\" sizes=\"auto, 100vw\" \/><\/a>\n\t\t\t<\/div><\/figure><figure class='gallery-item'>\n\t\t\t<div class='gallery-icon landscape'>\n\t\t\t\t<a href='https:\/\/freibad-dellwig.de\/wp-content\/uploads\/2018\/02\/IMG-20160313-WA0035.jpg'><img loading=\"lazy\" decoding=\"async\" width=\"150\" height=\"150\" src=\"https:\/\/freibad-dellwig.de\/wp-content\/uploads\/2018\/02\/IMG-20160313-WA0035-150x150.jpg\" class=\"attachment-thumbnail size-thumbnail\" alt=\"\" srcset=\"https:\/\/freibad-dellwig.de\/wp-content\/uploads\/2018\/02\/IMG-20160313-WA0035-150x150.jpg 150w, https:\/\/freibad-dellwig.de\/wp-content\/uploads\/2018\/02\/IMG-20160313-WA0035-100x100.jpg 100w\" sizes=\"auto, 100vw\" \/><\/a>\n\t\t\t<\/div><\/figure><figure class='gallery-item'>\n\t\t\t<div class='gallery-icon landscape'>\n\t\t\t\t<a href='https:\/\/freibad-dellwig.de\/wp-content\/uploads\/2018\/02\/IMG-20160313-WA0038.jpg'><img loading=\"lazy\" decoding=\"async\" width=\"150\" height=\"150\" src=\"https:\/\/freibad-dellwig.de\/wp-content\/uploads\/2018\/02\/IMG-20160313-WA0038-150x150.jpg\" class=\"attachment-thumbnail size-thumbnail\" alt=\"\" srcset=\"https:\/\/freibad-dellwig.de\/wp-content\/uploads\/2018\/02\/IMG-20160313-WA0038-150x150.jpg 150w, https:\/\/freibad-dellwig.de\/wp-content\/uploads\/2018\/02\/IMG-20160313-WA0038-100x100.jpg 100w\" sizes=\"auto, 100vw\" \/><\/a>\n\t\t\t<\/div><\/figure><figure class='gallery-item'>\n\t\t\t<div class='gallery-icon portrait'>\n\t\t\t\t<a href='https:\/\/freibad-dellwig.de\/wp-content\/uploads\/2018\/02\/IMG-20160313-WA0040.jpg'><img loading=\"lazy\" decoding=\"async\" width=\"150\" height=\"150\" src=\"https:\/\/freibad-dellwig.de\/wp-content\/uploads\/2018\/02\/IMG-20160313-WA0040-150x150.jpg\" class=\"attachment-thumbnail size-thumbnail\" alt=\"\" srcset=\"https:\/\/freibad-dellwig.de\/wp-content\/uploads\/2018\/02\/IMG-20160313-WA0040-150x150.jpg 150w, https:\/\/freibad-dellwig.de\/wp-content\/uploads\/2018\/02\/IMG-20160313-WA0040-1200x1200.jpg 1200w, https:\/\/freibad-dellwig.de\/wp-content\/uploads\/2018\/02\/IMG-20160313-WA0040-100x100.jpg 100w\" sizes=\"auto, 100vw\" \/><\/a>\n\t\t\t<\/div><\/figure><figure class='gallery-item'>\n\t\t\t<div class='gallery-icon landscape'>\n\t\t\t\t<a href='https:\/\/freibad-dellwig.de\/wp-content\/uploads\/2018\/02\/IMG-20160313-WA0041.jpg'><img loading=\"lazy\" decoding=\"async\" width=\"150\" height=\"150\" src=\"https:\/\/freibad-dellwig.de\/wp-content\/uploads\/2018\/02\/IMG-20160313-WA0041-150x150.jpg\" class=\"attachment-thumbnail size-thumbnail\" alt=\"\" srcset=\"https:\/\/freibad-dellwig.de\/wp-content\/uploads\/2018\/02\/IMG-20160313-WA0041-150x150.jpg 150w, https:\/\/freibad-dellwig.de\/wp-content\/uploads\/2018\/02\/IMG-20160313-WA0041-100x100.jpg 100w\" sizes=\"auto, 100vw\" \/><\/a>\n\t\t\t<\/div><\/figure><figure class='gallery-item'>\n\t\t\t<div class='gallery-icon landscape'>\n\t\t\t\t<a href='https:\/\/freibad-dellwig.de\/wp-content\/uploads\/2018\/02\/IMG-20160313-WA0043.jpg'><img loading=\"lazy\" decoding=\"async\" width=\"150\" height=\"150\" src=\"https:\/\/freibad-dellwig.de\/wp-content\/uploads\/2018\/02\/IMG-20160313-WA0043-150x150.jpg\" class=\"attachment-thumbnail size-thumbnail\" alt=\"\" srcset=\"https:\/\/freibad-dellwig.de\/wp-content\/uploads\/2018\/02\/IMG-20160313-WA0043-150x150.jpg 150w, https:\/\/freibad-dellwig.de\/wp-content\/uploads\/2018\/02\/IMG-20160313-WA0043-100x100.jpg 100w\" sizes=\"auto, 100vw\" \/><\/a>\n\t\t\t<\/div><\/figure><figure class='gallery-item'>\n\t\t\t<div class='gallery-icon landscape'>\n\t\t\t\t<a href='https:\/\/freibad-dellwig.de\/wp-content\/uploads\/2018\/02\/IMG-20160313-WA0044.jpg'><img loading=\"lazy\" decoding=\"async\" width=\"150\" height=\"150\" src=\"https:\/\/freibad-dellwig.de\/wp-content\/uploads\/2018\/02\/IMG-20160313-WA0044-150x150.jpg\" class=\"attachment-thumbnail size-thumbnail\" alt=\"\" srcset=\"https:\/\/freibad-dellwig.de\/wp-content\/uploads\/2018\/02\/IMG-20160313-WA0044-150x150.jpg 150w, https:\/\/freibad-dellwig.de\/wp-content\/uploads\/2018\/02\/IMG-20160313-WA0044-100x100.jpg 100w\" sizes=\"auto, 100vw\" \/><\/a>\n\t\t\t<\/div><\/figure>\n\t\t<\/div>\n\n<p>&nbsp;<\/p>\n<p>&nbsp;<\/p>\n","protected":false},"excerpt":{"rendered":"<p>Die gr\u00f6\u00dfte Sanierung seit Er\u00f6ffnung des Freibades Dellwig im Jahr 1975! Zur Erinnerung: Solange das Freibad existiert, verliert es Wasser. Zuletzt 32.000 Liter am Tag in der Saison 2015, macht Gesch\u00e4ftsf\u00fchrer Dirk Weise die Dimension deutlich. Alle bisherigen Sanierungsanl\u00e4ufe haben keinen nachhaltigen Erfolg gebracht.Es musste etwas geschehen. Wie Maulw\u00fcrfe gruben sich die Vereinsmitglieder durch die &hellip; <\/p>\n<p class=\"link-more\"><a href=\"https:\/\/freibad-dellwig.de\/index.php\/medien\/bilder\/umbau-neue-rohre\/\" class=\"more-link\"><span class=\"screen-reader-text\">\u201eUmbau neue Rohre\u201c<\/span> weiterlesen<\/a><\/p>\n","protected":false},"author":6,"featured_media":0,"parent":560,"menu_order":0,"comment_status":"closed","ping_status":"closed","template":"","meta":{"footnotes":""},"class_list":["post-610","page","type-page","status-publish","hentry"],"_links":{"self":[{"href":"https:\/\/freibad-dellwig.de\/index.php\/wp-json\/wp\/v2\/pages\/610","targetHints":{"allow":["GET"]}}],"collection":[{"href":"https:\/\/freibad-dellwig.de\/index.php\/wp-json\/wp\/v2\/pages"}],"about":[{"href":"https:\/\/freibad-dellwig.de\/index.php\/wp-json\/wp\/v2\/types\/page"}],"author":[{"embeddable":true,"href":"https:\/\/freibad-dellwig.de\/index.php\/wp-json\/wp\/v2\/users\/6"}],"replies":[{"embeddable":true,"href":"https:\/\/freibad-dellwig.de\/index.php\/wp-json\/wp\/v2\/comments?post=610"}],"version-history":[{"count":2,"href":"https:\/\/freibad-dellwig.de\/index.php\/wp-json\/wp\/v2\/pages\/610\/revisions"}],"predecessor-version":[{"id":933,"href":"https:\/\/freibad-dellwig.de\/index.php\/wp-json\/wp\/v2\/pages\/610\/revisions\/933"}],"up":[{"embeddable":true,"href":"https:\/\/freibad-dellwig.de\/index.php\/wp-json\/wp\/v2\/pages\/560"}],"wp:attachment":[{"href":"https:\/\/freibad-dellwig.de\/index.php\/wp-json\/wp\/v2\/media?parent=610"}],"curies":[{"name":"wp","href":"https:\/\/api.w.org\/{rel}","templated":true}]}}