{"id":65,"date":"2017-04-16T01:55:34","date_gmt":"2017-04-16T00:55:34","guid":{"rendered":"http:\/\/traufabrik.dyndns.org\/Freibad\/?page_id=65"},"modified":"2020-08-04T17:45:28","modified_gmt":"2020-08-04T15:45:28","slug":"ausstattung","status":"publish","type":"page","link":"https:\/\/freibad-dellwig.de\/index.php\/home\/ausstattung\/","title":{"rendered":"Ausstattung"},"content":{"rendered":"<h1>Technische Daten und Ausstattung des Freibads<\/h1>\n<p>Das beheizte Sportbecken misst 50 x 20 m. Es umfasst demnach 1.000 m\u00b2 Wasserfl\u00e4che und enth\u00e4lt ca. 2,1 Mio Liter Wasser.<\/p>\n<p>An der Sprungseite des Beckens befinden sich neben einem 1 m-Sprungbrett zus\u00e4tzlich 8 weitere Startbl\u00f6cke. Am gegen\u00fcberliegenden Ende ist eine Rutsche am Beckenrand angebaut. An diesem Ende gelangen Badeg\u00e4ste nicht nur \u00fcber zwei Leitern in den Beckenw\u00e4nden ins Wasser, sondern zus\u00e4tzlich auch \u00fcber eine Edelstahltreppe mit Handl\u00e4ufen. Die Wassertemperatur betr\u00e4gt ca. 23 \u00b0 C.<\/p>\n<p><a href=\"http:\/\/freibad-dellwig.de\/wp-content\/uploads\/2018\/02\/AMD6315.jpg\" target=\"_blank\" rel=\"noopener noreferrer\"><img loading=\"lazy\" decoding=\"async\" class=\"alignnone wp-image-416 size-large\" src=\"http:\/\/freibad-dellwig.de\/wp-content\/uploads\/2018\/02\/AMD6315-1024x684.jpg\" alt=\"\" width=\"525\" height=\"351\" srcset=\"https:\/\/freibad-dellwig.de\/wp-content\/uploads\/2018\/02\/AMD6315-1024x684.jpg 1024w, https:\/\/freibad-dellwig.de\/wp-content\/uploads\/2018\/02\/AMD6315-300x200.jpg 300w, https:\/\/freibad-dellwig.de\/wp-content\/uploads\/2018\/02\/AMD6315-768x513.jpg 768w, https:\/\/freibad-dellwig.de\/wp-content\/uploads\/2018\/02\/AMD6315.jpg 1920w\" sizes=\"auto, (max-width: 525px) 100vw, 525px\" \/><\/a><\/p>\n<p><a href=\"http:\/\/freibad-dellwig.de\/wp-content\/uploads\/2018\/02\/AMD6319.jpg\" target=\"_blank\" rel=\"noopener noreferrer\"><img loading=\"lazy\" decoding=\"async\" class=\"alignnone wp-image-417 size-large\" src=\"http:\/\/freibad-dellwig.de\/wp-content\/uploads\/2018\/02\/AMD6319-1024x684.jpg\" alt=\"\" width=\"525\" height=\"351\" srcset=\"https:\/\/freibad-dellwig.de\/wp-content\/uploads\/2018\/02\/AMD6319-1024x684.jpg 1024w, https:\/\/freibad-dellwig.de\/wp-content\/uploads\/2018\/02\/AMD6319-300x200.jpg 300w, https:\/\/freibad-dellwig.de\/wp-content\/uploads\/2018\/02\/AMD6319-768x513.jpg 768w, https:\/\/freibad-dellwig.de\/wp-content\/uploads\/2018\/02\/AMD6319.jpg 1920w\" sizes=\"auto, (max-width: 525px) 100vw, 525px\" \/><\/a><\/p>\n<p>Das ebenfalls beheizte Kinderbecken ist 65 m\u00b2 gro\u00df und hat eine Wassertiefe von 0 &#8211; 30 cm. Eine Rutsche und ein Clowns-Wasserspiel sind als Spielm\u00f6glichkeit f\u00fcr die Kinder vorhanden. Au\u00dferhalb des Beckens gibt es einen Wasserspielbereich mit Pumpe, einen gro\u00dfen Sandkasten und einen Spielturm mit Schaukel und Rutsche.<\/p>\n<p><a href=\"http:\/\/freibad-dellwig.de\/wp-content\/uploads\/2018\/02\/AMD6350.jpg\" target=\"_blank\" rel=\"noopener noreferrer\"><img loading=\"lazy\" decoding=\"async\" class=\"alignnone wp-image-418 size-large\" src=\"http:\/\/freibad-dellwig.de\/wp-content\/uploads\/2018\/02\/AMD6350-1024x684.jpg\" alt=\"\" width=\"525\" height=\"351\" srcset=\"https:\/\/freibad-dellwig.de\/wp-content\/uploads\/2018\/02\/AMD6350-1024x684.jpg 1024w, https:\/\/freibad-dellwig.de\/wp-content\/uploads\/2018\/02\/AMD6350-300x200.jpg 300w, https:\/\/freibad-dellwig.de\/wp-content\/uploads\/2018\/02\/AMD6350-768x513.jpg 768w, https:\/\/freibad-dellwig.de\/wp-content\/uploads\/2018\/02\/AMD6350.jpg 1920w\" sizes=\"auto, (max-width: 525px) 100vw, 525px\" \/><\/a><\/p>\n<p><a href=\"http:\/\/freibad-dellwig.de\/wp-content\/uploads\/2018\/02\/AMD6356.jpg\" target=\"_blank\" rel=\"noopener noreferrer\"><img loading=\"lazy\" decoding=\"async\" class=\"alignnone wp-image-419 size-large\" src=\"http:\/\/freibad-dellwig.de\/wp-content\/uploads\/2018\/02\/AMD6356-1024x684.jpg\" alt=\"\" width=\"525\" height=\"351\" srcset=\"https:\/\/freibad-dellwig.de\/wp-content\/uploads\/2018\/02\/AMD6356-1024x684.jpg 1024w, https:\/\/freibad-dellwig.de\/wp-content\/uploads\/2018\/02\/AMD6356-300x200.jpg 300w, https:\/\/freibad-dellwig.de\/wp-content\/uploads\/2018\/02\/AMD6356-768x513.jpg 768w, https:\/\/freibad-dellwig.de\/wp-content\/uploads\/2018\/02\/AMD6356.jpg 1920w\" sizes=\"auto, (max-width: 525px) 100vw, 525px\" \/><\/a><\/p>\n<p><a href=\"http:\/\/freibad-dellwig.de\/wp-content\/uploads\/2018\/02\/AMD6341.jpg\" target=\"_blank\" rel=\"noopener noreferrer\"><img loading=\"lazy\" decoding=\"async\" class=\"alignnone wp-image-420 size-large\" src=\"http:\/\/freibad-dellwig.de\/wp-content\/uploads\/2018\/02\/AMD6341-1024x684.jpg\" alt=\"\" width=\"525\" height=\"351\" srcset=\"https:\/\/freibad-dellwig.de\/wp-content\/uploads\/2018\/02\/AMD6341-1024x684.jpg 1024w, https:\/\/freibad-dellwig.de\/wp-content\/uploads\/2018\/02\/AMD6341-300x200.jpg 300w, https:\/\/freibad-dellwig.de\/wp-content\/uploads\/2018\/02\/AMD6341-768x513.jpg 768w, https:\/\/freibad-dellwig.de\/wp-content\/uploads\/2018\/02\/AMD6341.jpg 1920w\" sizes=\"auto, (max-width: 525px) 100vw, 525px\" \/><\/a><\/p>\n<p><a href=\"http:\/\/freibad-dellwig.de\/wp-content\/uploads\/2018\/02\/AMD6348.jpg\" target=\"_blank\" rel=\"noopener noreferrer\"><img loading=\"lazy\" decoding=\"async\" class=\"alignnone wp-image-421 size-large\" src=\"http:\/\/freibad-dellwig.de\/wp-content\/uploads\/2018\/02\/AMD6348-1024x684.jpg\" alt=\"\" width=\"525\" height=\"351\" srcset=\"https:\/\/freibad-dellwig.de\/wp-content\/uploads\/2018\/02\/AMD6348-1024x684.jpg 1024w, https:\/\/freibad-dellwig.de\/wp-content\/uploads\/2018\/02\/AMD6348-300x200.jpg 300w, https:\/\/freibad-dellwig.de\/wp-content\/uploads\/2018\/02\/AMD6348-768x513.jpg 768w, https:\/\/freibad-dellwig.de\/wp-content\/uploads\/2018\/02\/AMD6348.jpg 1920w\" sizes=\"auto, (max-width: 525px) 100vw, 525px\" \/><\/a><\/p>\n<p><a href=\"http:\/\/freibad-dellwig.de\/wp-content\/uploads\/2018\/02\/AMD6357.jpg\" target=\"_blank\" rel=\"noopener noreferrer\"><img loading=\"lazy\" decoding=\"async\" class=\"alignnone wp-image-422 size-large\" src=\"http:\/\/freibad-dellwig.de\/wp-content\/uploads\/2018\/02\/AMD6357-1024x684.jpg\" alt=\"\" width=\"525\" height=\"351\" srcset=\"https:\/\/freibad-dellwig.de\/wp-content\/uploads\/2018\/02\/AMD6357-1024x684.jpg 1024w, https:\/\/freibad-dellwig.de\/wp-content\/uploads\/2018\/02\/AMD6357-300x200.jpg 300w, https:\/\/freibad-dellwig.de\/wp-content\/uploads\/2018\/02\/AMD6357-768x513.jpg 768w, https:\/\/freibad-dellwig.de\/wp-content\/uploads\/2018\/02\/AMD6357.jpg 1920w\" sizes=\"auto, (max-width: 525px) 100vw, 525px\" \/><\/a><\/p>\n<p>Die Wassertemperatur des Kinderbeckens liegt bei ca. 25\u00b0 C.<\/p>\n<p>Rund um das Becken befindet sich eine ebene, gut gepflegte und \u00fcppige Liegewiese, die f\u00fcr mehr als 2.000 G\u00e4ste Liegem\u00f6glichkeiten bietet.<\/p>\n<p>An Sport- und Spielm\u00f6glichkeiten stehen u. a. eine Boulebahn, ein Beachvolleyballfeld und eine Tischtennisplatte bereit. Aquajogging-Zubeh\u00f6r, wie G\u00fcrtel und Handschuhe (Gr\u00f6\u00dfen S und M) k\u00f6nnen gegen eine Geb\u00fchr ausgeliehen werden.<\/p>\n<p>Einzel- und Sammelumkleiden, sowie gen\u00fcgend Schlie\u00dff\u00e4cher und Liegen stehen zur Nutzung bereit.<\/p>\n","protected":false},"excerpt":{"rendered":"<p>Technische Daten und Ausstattung des Freibads Das beheizte Sportbecken misst 50 x 20 m. Es umfasst demnach 1.000 m\u00b2 Wasserfl\u00e4che und enth\u00e4lt ca. 2,1 Mio Liter Wasser. An der Sprungseite des Beckens befinden sich neben einem 1 m-Sprungbrett zus\u00e4tzlich 8 weitere Startbl\u00f6cke. Am gegen\u00fcberliegenden Ende ist eine Rutsche am Beckenrand angebaut. An diesem Ende gelangen &hellip; <\/p>\n<p class=\"link-more\"><a href=\"https:\/\/freibad-dellwig.de\/index.php\/home\/ausstattung\/\" class=\"more-link\"><span class=\"screen-reader-text\">\u201eAusstattung\u201c<\/span> weiterlesen<\/a><\/p>\n","protected":false},"author":1,"featured_media":0,"parent":4,"menu_order":0,"comment_status":"closed","ping_status":"closed","template":"","meta":{"footnotes":""},"class_list":["post-65","page","type-page","status-publish","hentry"],"_links":{"self":[{"href":"https:\/\/freibad-dellwig.de\/index.php\/wp-json\/wp\/v2\/pages\/65","targetHints":{"allow":["GET"]}}],"collection":[{"href":"https:\/\/freibad-dellwig.de\/index.php\/wp-json\/wp\/v2\/pages"}],"about":[{"href":"https:\/\/freibad-dellwig.de\/index.php\/wp-json\/wp\/v2\/types\/page"}],"author":[{"embeddable":true,"href":"https:\/\/freibad-dellwig.de\/index.php\/wp-json\/wp\/v2\/users\/1"}],"replies":[{"embeddable":true,"href":"https:\/\/freibad-dellwig.de\/index.php\/wp-json\/wp\/v2\/comments?post=65"}],"version-history":[{"count":13,"href":"https:\/\/freibad-dellwig.de\/index.php\/wp-json\/wp\/v2\/pages\/65\/revisions"}],"predecessor-version":[{"id":1583,"href":"https:\/\/freibad-dellwig.de\/index.php\/wp-json\/wp\/v2\/pages\/65\/revisions\/1583"}],"up":[{"embeddable":true,"href":"https:\/\/freibad-dellwig.de\/index.php\/wp-json\/wp\/v2\/pages\/4"}],"wp:attachment":[{"href":"https:\/\/freibad-dellwig.de\/index.php\/wp-json\/wp\/v2\/media?parent=65"}],"curies":[{"name":"wp","href":"https:\/\/api.w.org\/{rel}","templated":true}]}}