{"id":653,"date":"2018-02-23T16:47:22","date_gmt":"2018-02-23T15:47:22","guid":{"rendered":"http:\/\/test.freibad-dellwig.de\/?page_id=653"},"modified":"2019-05-13T18:49:00","modified_gmt":"2019-05-13T16:49:00","slug":"veranstaltungsteam","status":"publish","type":"page","link":"https:\/\/freibad-dellwig.de\/index.php\/mitmachen-im-buergerbad\/veranstaltungsteam\/","title":{"rendered":"Veranstaltungsteam"},"content":{"rendered":"<p>Wir planen und organisieren zusammen alle m\u00f6glichen Veranstaltungen im und rund um unser Freibad \u2013 und das nat\u00fcrlich nicht nur in den Sommermonaten, denn hier bei uns soll immer was los sein!<\/p>\n<p>Ganz wichtig ist uns dabei, dass wir mit Spa\u00df und ohne Stress zusammen arbeiten. Jede bzw. jeder bestimmt also f\u00fcr sich selbst, wie sehr sie oder er sich einbringen mag. Nat\u00fcrlich sind uns \u201eneue\u201c kreative K\u00f6pfe und helfende H\u00e4nde jederzeit herzlich willkommen.<\/p>\n<p><strong>Wenn Sie also gerne mitmachen m\u00f6chten, melden Sie sich doch bei Peter Weidemann oder kommen Sie einfach mal vorbei.<\/strong><\/p>\n<p>Wir freuen uns auf Sie!<\/p>\n<h1 style=\"text-align: center;\"><strong>Ansprechpartner<\/strong><\/h1>\n<p style=\"text-align: center;\"><strong>Peter Weidemann<\/strong><\/p>\n<p style=\"text-align: center;\">Tel: 02378\/3313<\/p>\n<p><img loading=\"lazy\" decoding=\"async\" class=\"size-medium wp-image-639 aligncenter\" src=\"http:\/\/freibad-dellwig.de\/wp-content\/uploads\/2018\/02\/Peter_Weidemann-203x300.jpg\" alt=\"\" width=\"203\" height=\"300\" srcset=\"https:\/\/freibad-dellwig.de\/wp-content\/uploads\/2018\/02\/Peter_Weidemann-203x300.jpg 203w, https:\/\/freibad-dellwig.de\/wp-content\/uploads\/2018\/02\/Peter_Weidemann.jpg 429w\" sizes=\"auto, (max-width: 203px) 100vw, 203px\" \/><\/p>\n","protected":false},"excerpt":{"rendered":"<p>Wir planen und organisieren zusammen alle m\u00f6glichen Veranstaltungen im und rund um unser Freibad \u2013 und das nat\u00fcrlich nicht nur in den Sommermonaten, denn hier bei uns soll immer was los sein! Ganz wichtig ist uns dabei, dass wir mit Spa\u00df und ohne Stress zusammen arbeiten. Jede bzw. jeder bestimmt also f\u00fcr sich selbst, wie &hellip; <\/p>\n<p class=\"link-more\"><a href=\"https:\/\/freibad-dellwig.de\/index.php\/mitmachen-im-buergerbad\/veranstaltungsteam\/\" class=\"more-link\"><span class=\"screen-reader-text\">\u201eVeranstaltungsteam\u201c<\/span> weiterlesen<\/a><\/p>\n","protected":false},"author":6,"featured_media":642,"parent":754,"menu_order":0,"comment_status":"closed","ping_status":"closed","template":"","meta":{"footnotes":""},"class_list":["post-653","page","type-page","status-publish","has-post-thumbnail","hentry"],"_links":{"self":[{"href":"https:\/\/freibad-dellwig.de\/index.php\/wp-json\/wp\/v2\/pages\/653","targetHints":{"allow":["GET"]}}],"collection":[{"href":"https:\/\/freibad-dellwig.de\/index.php\/wp-json\/wp\/v2\/pages"}],"about":[{"href":"https:\/\/freibad-dellwig.de\/index.php\/wp-json\/wp\/v2\/types\/page"}],"author":[{"embeddable":true,"href":"https:\/\/freibad-dellwig.de\/index.php\/wp-json\/wp\/v2\/users\/6"}],"replies":[{"embeddable":true,"href":"https:\/\/freibad-dellwig.de\/index.php\/wp-json\/wp\/v2\/comments?post=653"}],"version-history":[{"count":4,"href":"https:\/\/freibad-dellwig.de\/index.php\/wp-json\/wp\/v2\/pages\/653\/revisions"}],"predecessor-version":[{"id":1249,"href":"https:\/\/freibad-dellwig.de\/index.php\/wp-json\/wp\/v2\/pages\/653\/revisions\/1249"}],"up":[{"embeddable":true,"href":"https:\/\/freibad-dellwig.de\/index.php\/wp-json\/wp\/v2\/pages\/754"}],"wp:featuredmedia":[{"embeddable":true,"href":"https:\/\/freibad-dellwig.de\/index.php\/wp-json\/wp\/v2\/media\/642"}],"wp:attachment":[{"href":"https:\/\/freibad-dellwig.de\/index.php\/wp-json\/wp\/v2\/media?parent=653"}],"curies":[{"name":"wp","href":"https:\/\/api.w.org\/{rel}","templated":true}]}}