{"id":656,"date":"2018-02-23T16:56:37","date_gmt":"2018-02-23T15:56:37","guid":{"rendered":"http:\/\/test.freibad-dellwig.de\/?page_id=656"},"modified":"2020-08-04T18:09:20","modified_gmt":"2020-08-04T16:09:20","slug":"sponsorenteam","status":"publish","type":"page","link":"https:\/\/freibad-dellwig.de\/index.php\/mitmachen-im-buergerbad\/sponsorenteam\/","title":{"rendered":"Sponsorenteam"},"content":{"rendered":"<p>Das Sponsorenteam um Markus Kleine und Dirk Weise hat sich zum Ziel gesetzt, j\u00e4hrlich 10.000 \u20ac zu generieren. Durch das neue Konzept des TOP-Sponsorings (verbindliche, j\u00e4hrliche Unterst\u00fctzung des B\u00fcrgerbades) m\u00f6chte das Team langfristig einen festen Stamm von Unternehmen oder Privatpersonen an das Bad binden.<\/p>\n<p>Wenn Sie gerne mitmachen m\u00f6chten, melden Sie sich sich bitte bei uns.<\/p>\n<p><strong>Jede Hilfe z\u00e4hlt!<\/strong><\/p>\n<h1><strong>Ansprechpartner<br \/>\n<\/strong><\/h1>\n<table>\n<tbody>\n<tr>\n<td>\u00a0<strong>Markus Kleine<\/strong><\/p>\n<p>Tel: 02378 \/ 86 91 83<\/p>\n<p><a href=\"http:\/\/freibad-dellwig.de\/wp-content\/uploads\/2018\/02\/k-Markus.jpg\"><img loading=\"lazy\" decoding=\"async\" class=\"alignnone size-thumbnail wp-image-659\" src=\"http:\/\/test.freibad-dellwig.de\/wp-content\/uploads\/2018\/02\/k-Markus-150x150.jpg\" alt=\"\" width=\"150\" height=\"150\" srcset=\"https:\/\/freibad-dellwig.de\/wp-content\/uploads\/2018\/02\/k-Markus-150x150.jpg 150w, https:\/\/freibad-dellwig.de\/wp-content\/uploads\/2018\/02\/k-Markus-100x100.jpg 100w\" sizes=\"auto, (max-width: 150px) 100vw, 150px\" \/><\/a><\/td>\n<td>\u00a0<strong>Dirk Weise<\/strong><\/p>\n<p>Tel: 02378\/8520020<\/p>\n<p><a href=\"http:\/\/freibad-dellwig.de\/wp-content\/uploads\/2018\/02\/k-Dirk-Weise.jpg\"><img loading=\"lazy\" decoding=\"async\" class=\"alignnone size-thumbnail wp-image-658\" src=\"http:\/\/test.freibad-dellwig.de\/wp-content\/uploads\/2018\/02\/k-Dirk-Weise-150x150.jpg\" alt=\"\" width=\"150\" height=\"150\" srcset=\"https:\/\/freibad-dellwig.de\/wp-content\/uploads\/2018\/02\/k-Dirk-Weise-150x150.jpg 150w, https:\/\/freibad-dellwig.de\/wp-content\/uploads\/2018\/02\/k-Dirk-Weise-100x100.jpg 100w\" sizes=\"auto, (max-width: 150px) 100vw, 150px\" \/><\/a><\/td>\n<\/tr>\n<\/tbody>\n<\/table>\n","protected":false},"excerpt":{"rendered":"<p>Das Sponsorenteam um Markus Kleine und Dirk Weise hat sich zum Ziel gesetzt, j\u00e4hrlich 10.000 \u20ac zu generieren. Durch das neue Konzept des TOP-Sponsorings (verbindliche, j\u00e4hrliche Unterst\u00fctzung des B\u00fcrgerbades) m\u00f6chte das Team langfristig einen festen Stamm von Unternehmen oder Privatpersonen an das Bad binden. Wenn Sie gerne mitmachen m\u00f6chten, melden Sie sich sich bitte bei &hellip; <\/p>\n<p class=\"link-more\"><a href=\"https:\/\/freibad-dellwig.de\/index.php\/mitmachen-im-buergerbad\/sponsorenteam\/\" class=\"more-link\"><span class=\"screen-reader-text\">\u201eSponsorenteam\u201c<\/span> weiterlesen<\/a><\/p>\n","protected":false},"author":6,"featured_media":661,"parent":754,"menu_order":0,"comment_status":"closed","ping_status":"closed","template":"","meta":{"footnotes":""},"class_list":["post-656","page","type-page","status-publish","has-post-thumbnail","hentry"],"_links":{"self":[{"href":"https:\/\/freibad-dellwig.de\/index.php\/wp-json\/wp\/v2\/pages\/656","targetHints":{"allow":["GET"]}}],"collection":[{"href":"https:\/\/freibad-dellwig.de\/index.php\/wp-json\/wp\/v2\/pages"}],"about":[{"href":"https:\/\/freibad-dellwig.de\/index.php\/wp-json\/wp\/v2\/types\/page"}],"author":[{"embeddable":true,"href":"https:\/\/freibad-dellwig.de\/index.php\/wp-json\/wp\/v2\/users\/6"}],"replies":[{"embeddable":true,"href":"https:\/\/freibad-dellwig.de\/index.php\/wp-json\/wp\/v2\/comments?post=656"}],"version-history":[{"count":10,"href":"https:\/\/freibad-dellwig.de\/index.php\/wp-json\/wp\/v2\/pages\/656\/revisions"}],"predecessor-version":[{"id":1592,"href":"https:\/\/freibad-dellwig.de\/index.php\/wp-json\/wp\/v2\/pages\/656\/revisions\/1592"}],"up":[{"embeddable":true,"href":"https:\/\/freibad-dellwig.de\/index.php\/wp-json\/wp\/v2\/pages\/754"}],"wp:featuredmedia":[{"embeddable":true,"href":"https:\/\/freibad-dellwig.de\/index.php\/wp-json\/wp\/v2\/media\/661"}],"wp:attachment":[{"href":"https:\/\/freibad-dellwig.de\/index.php\/wp-json\/wp\/v2\/media?parent=656"}],"curies":[{"name":"wp","href":"https:\/\/api.w.org\/{rel}","templated":true}]}}