{"id":67,"date":"2017-04-16T02:00:21","date_gmt":"2017-04-16T01:00:21","guid":{"rendered":"http:\/\/traufabrik.dyndns.org\/Freibad\/?page_id=67"},"modified":"2026-03-29T16:50:17","modified_gmt":"2026-03-29T14:50:17","slug":"historie","status":"publish","type":"page","link":"https:\/\/freibad-dellwig.de\/index.php\/forderverein\/historie\/","title":{"rendered":"Historie"},"content":{"rendered":"<p><strong>Wie alles begann&#8230;<\/strong><\/p>\n<p>In den 20er Jahren des letzten Jahrhunderts lernten die allermeisten Dellwiger Kinder in der Ruhr schwimmen. Der Bereich um die Kuhbr\u00fccke war Naherholungsraum und Erlebnisbad zugleich. Nat\u00fcrlich war das nicht ungef\u00e4hrlich, trotzdem verbrachten die Dellwiger viel Freizeit an der Ruhr&#8230;<\/p>\n<p>So begann man \u00fcber den Bau einer Frei-Badeanstalt nachzudenken. Vordenker war Lehrer Reichenbach aus Dellwig mit dem Anliegen, die k\u00f6rperliche Ert\u00fcchtigung der Jugend zu f\u00f6rdern. Unterst\u00fctzt wurde er durch die Mitglieder des TuS Jahn Dellwig und so wurde in den Jahren 1930 bis 1932 das erste Freibad in Dellwig in Eigenarbeit gebaut. Als Gel\u00e4nde bot sich die Fl\u00e4che hinter dem einige Jahre zuvor errichteten Sportplatz an.<\/p>\n<p><strong>Die Frei-Badeanstalt<\/strong><\/p>\n<p><img loading=\"lazy\" decoding=\"async\" class=\"alignnone size-medium wp-image-74\" src=\"http:\/\/freibad-dellwig.de\/wp-content\/uploads\/2017\/04\/Historie1-300x172.jpg\" alt=\"\" width=\"300\" height=\"172\" \/><\/p>\n<p>Die Ausstattung der Frei-Badeanstalt war nat\u00fcrlich mit der heutigen nicht vergleichbar. Eine Baracke diente als Damen-Umkleidekabine (man munkelt, dass listige Jungs L\u00f6cher in die H\u00f6lzer bohrten um einen Blick auf Frauen und M\u00e4dchen zu werfen). F\u00fcr die Herren gab es keine Umkleidekabine. Es gab zwar eine Toilette, aber keine Duschen.<\/p>\n<p>Mitte der 1930er Jahre gab es in der Frei-Badeanstalt auch einen h\u00f6lzernen Sprungturm, von dem aus man in luftiger H\u00f6he von 3 Meter den Sprung ins k\u00fchle Nass wagen konnte.<\/p>\n<p><img loading=\"lazy\" decoding=\"async\" class=\"alignnone size-medium wp-image-69\" src=\"http:\/\/freibad-dellwig.de\/wp-content\/uploads\/2017\/04\/Historie2-300x204.jpg\" alt=\"\" width=\"300\" height=\"204\" \/><\/p>\n<p>Dellwiger Kinder zahlten \u00fcbrigens 5 Pfennige, Ausw\u00e4rtige, etwa aus Langschede und Ardey mussten 20 Pfennige Eintritt bezahlen.<\/p>\n<p>Der Badebetrieb wurde 1963 eingestellt, die Frei-Badeanstalt konnte den hygienischen Vorschriften nicht mehr gen\u00fcgen. Denn schlie\u00dflich wurde das Becken &#8222;nur&#8220; mit Wasser aus dem Dellwiger Bach gespeist, sodass nicht nur Schlamm sondern auch allerlei Getier ins Wasser gelangte.<\/p>\n<p>12 Jahre mussten die Dellwiger ohne ein eigenes Schwimmbad auskommen &#8230;<\/p>\n<p><strong>Das neue Freibad Dellwig<\/strong><\/p>\n<p>Nach der Grundsteinlegung im Jahr 1974 wurde das neue Freibad in Dellwig im Jahre 1975 er\u00f6ffnet, bei deren Einweihung der damalige B\u00fcrgermeister Droste symbolisch den Hausschl\u00fcssel an den Stadtdirektor Heinz Rebbert \u00fcbergab.<\/p>\n<p><img loading=\"lazy\" decoding=\"async\" class=\"alignnone size-medium wp-image-70\" src=\"http:\/\/freibad-dellwig.de\/wp-content\/uploads\/2017\/04\/Historie3-300x199.jpg\" alt=\"\" width=\"300\" height=\"199\" srcset=\"https:\/\/freibad-dellwig.de\/wp-content\/uploads\/2017\/04\/Historie3-300x199.jpg 300w, https:\/\/freibad-dellwig.de\/wp-content\/uploads\/2017\/04\/Historie3.jpg 495w\" sizes=\"auto, (max-width: 300px) 100vw, 300px\" \/><\/p>\n<p>Die Festrede zur Einweihung des neuen Freibades, in der er die Bedeutung des Bades f\u00fcr Stadt und Region betonte, hielt der damalige Kultusminister des Landes Nordrhein Westfalen J\u00fcrgen Girgensohn.<\/p>\n<p><img loading=\"lazy\" decoding=\"async\" class=\"alignnone size-medium wp-image-71\" src=\"http:\/\/freibad-dellwig.de\/wp-content\/uploads\/2017\/04\/Historie4-300x199.jpg\" alt=\"\" width=\"300\" height=\"199\" srcset=\"https:\/\/freibad-dellwig.de\/wp-content\/uploads\/2017\/04\/Historie4-300x199.jpg 300w, https:\/\/freibad-dellwig.de\/wp-content\/uploads\/2017\/04\/Historie4.jpg 495w\" sizes=\"auto, (max-width: 300px) 100vw, 300px\" \/><\/p>\n<p>Der Bau wurde gef\u00f6rdert von Land und Bund mit 315.000 DM, als Gesamtkosten wurden damals etwa 1,1 Mio DM in der Presse mitgeteilt.<\/p>\n<p><img loading=\"lazy\" decoding=\"async\" class=\"alignnone size-medium wp-image-72\" src=\"http:\/\/freibad-dellwig.de\/wp-content\/uploads\/2017\/04\/Historie5-300x199.jpg\" alt=\"\" width=\"300\" height=\"199\" srcset=\"https:\/\/freibad-dellwig.de\/wp-content\/uploads\/2017\/04\/Historie5-300x199.jpg 300w, https:\/\/freibad-dellwig.de\/wp-content\/uploads\/2017\/04\/Historie5.jpg 495w\" sizes=\"auto, (max-width: 300px) 100vw, 300px\" \/><\/p>\n<p>Die idyllische Umgebung mit weitfl\u00e4chiger Liegewiese und schattigen B\u00e4umen zog bis September 2010 viele Einheimische aber auch sehr viele ausw\u00e4rtige G\u00e4ste zum Sonnenbaden und Verweilen ein und sorgte f\u00fcr regen Zulauf. Das im Durchschnitt mit 22 \u00b0C Wassertemperatur beheizte Schwimmbad bietet eine Wasserfl\u00e4che von rund 1.100 m\u00b2 und eine Sprunganlage.<\/p>\n<p>Die kleinen Badeg\u00e4ste waren vor allem von einem separaten Kinderbecken und dem gro\u00dfz\u00fcgig angelegten Kinderspielplatz begeistert.<\/p>\n<p>Auch au\u00dferhalb des Schwimmbeckens kamen Sportfreunde auf Ihre Kosten, da zum Beachvolleyball spielen ein modern gestaltetes Court zur Verf\u00fcgung stand.<\/p>\n<p>Das Freibad in Dellwig machte bis zur Saison 2010 den Aufenthalt zu einem kleinen Urlaub.<\/p>\n<p><img loading=\"lazy\" decoding=\"async\" class=\"alignnone size-medium wp-image-73\" src=\"http:\/\/freibad-dellwig.de\/wp-content\/uploads\/2017\/04\/Historie6-300x94.jpg\" alt=\"\" width=\"300\" height=\"94\" srcset=\"https:\/\/freibad-dellwig.de\/wp-content\/uploads\/2017\/04\/Historie6-300x94.jpg 300w, https:\/\/freibad-dellwig.de\/wp-content\/uploads\/2017\/04\/Historie6-768x242.jpg 768w, https:\/\/freibad-dellwig.de\/wp-content\/uploads\/2017\/04\/Historie6.jpg 896w\" sizes=\"auto, (max-width: 300px) 100vw, 300px\" \/><\/p>\n<p>Im Februar 2011 wurde von Seiten des Aufsichtsrates der Stadtwerke Fr\u00f6ndenberg beschlossen, das Freibad in Dellwig zur Saison 2011 nicht weiter zu betreiben.<\/p>\n<p>&nbsp;<\/p>\n<p><strong>Das B\u00fcrgerbad Dellwig<\/strong><\/p>\n<p><img loading=\"lazy\" decoding=\"async\" class=\"alignnone wp-image-76 size-medium\" src=\"http:\/\/freibad-dellwig.de\/wp-content\/uploads\/2017\/04\/Logo-klein-300x148.jpg\" alt=\"\" width=\"300\" height=\"148\" \/><\/p>\n<p>Nach Bekanntgabe der Schlie\u00dfungsabsicht bildeten sich sofort B\u00fcrgerproteste in den westlichen Stadtteilen, moderiert von der Stadtteilkonferenz West und unterst\u00fctzt von B\u00fcrgern aus den \u00fcbrigen Ortsteilen Fr\u00f6ndenbergs und des M\u00e4rkischen Kreises. Demonstrationen, Menschenketten, Unterschriftensammlungen und Versammlungen folgten.<\/p>\n<p>Am\u00a0<strong>22. Mai 2011\u00a0<\/strong>gr\u00fcndete sich der\u00a0F\u00f6rderverein Freibad Dellwig e. V. mit dem Ziel, ein B\u00fcrgerbad zu betreiben. Bereits in der Gr\u00fcndungsversammlung traten 141 Menschen dem F\u00f6rderverein bei. Auf Grund des \u00f6ffentlichen Druckes erkl\u00e4rte sich die Stadt bereit, das Bad finanziell f\u00fcr zun\u00e4chst einmal zwei Jahre zu bezuschussen, wobei der Badbetrieb nur durch immensen ehrenamtlichen Einsatz m\u00f6glich wurde.<\/p>\n<p>Am <strong>2. Juni 2012<\/strong> wurde das das B\u00fcrgerbad Dellwig wieder er\u00f6ffnet.<\/p>\n<p>&nbsp;<\/p>\n<p>&nbsp;<\/p>\n<p><strong>Chronologie der Schwimmbadgeschichte in Dellwig<\/strong><\/p>\n<table border=\"1\">\n<tbody>\n<tr>\n<td>1932<\/td>\n<td>Gr\u00fcndung der Frei-Badeanstalt Dellwig<\/td>\n<\/tr>\n<tr>\n<td>1963<\/td>\n<td>Ende der Frei-Badeanstalt<\/td>\n<\/tr>\n<tr>\n<td>1973<\/td>\n<td>Grundsteinlegung des neuen st\u00e4dtischen Freibades<\/td>\n<\/tr>\n<tr>\n<td>1975<\/td>\n<td>Er\u00f6ffnung des Freibades Dellwig<\/td>\n<\/tr>\n<tr>\n<td>1982<\/td>\n<td>Die Stadtwerke \u00fcbernehmen das Freibad<\/td>\n<\/tr>\n<tr>\n<td>11. Februar 2011<\/td>\n<td>Beschluss der Stadtwerke zur Schlie\u00dfung<\/td>\n<\/tr>\n<tr>\n<td>18. Februar 2011<\/td>\n<td>Erste B\u00fcrgerversammlung<\/td>\n<\/tr>\n<tr>\n<td>21. Februar 2011<\/td>\n<td>Demonstration vor den Stadtwerken Fr\u00f6ndenberg<\/td>\n<\/tr>\n<tr>\n<td>Mai 2011<\/td>\n<td>Gr\u00fcndung des F\u00f6rdervereins Freibad Dellwig<\/td>\n<\/tr>\n<tr>\n<td>Sommer 2011<\/td>\n<td>Weitere Protestaktionen f\u00fcr den Erhalt des Freibades<\/td>\n<\/tr>\n<tr>\n<td>22. Februar 2012<\/td>\n<td>Gew\u00e4hrung eines Zuschusses durch die Stadt Fr\u00f6ndenberg f\u00fcr 2 Jahre<\/td>\n<\/tr>\n<tr>\n<td>02. Juni 2012<\/td>\n<td>Er\u00f6ffnung des B\u00fcrgerbades Dellwig<\/td>\n<\/tr>\n<tr>\n<td>2013<\/td>\n<td>Verl\u00e4ngerung des Zuschusses f\u00fcr weitere 3 Jahre<\/td>\n<\/tr>\n<tr>\n<td>31. Mai 2015<\/td>\n<td>Jubil\u00e4um 40 Jahre Freibad Dellwig<\/td>\n<\/tr>\n<tr>\n<td>2016<\/td>\n<td>Neue Heizung f\u00fcr die Schwimmbecken<\/td>\n<\/tr>\n<tr>\n<td>2016<\/td>\n<td>Neue solarunterst\u00fctzte Heizung in den Duschen<\/td>\n<\/tr>\n<tr>\n<td>02. November 2016<\/td>\n<td>Verl\u00e4ngerung des Zuschusses f\u00fcr weitere 5 Jahre<\/td>\n<\/tr>\n<tr>\n<td>14. Mai 2017<\/td>\n<td>Er\u00f6ffnung des neuen Kinderbeckens<\/td>\n<\/tr>\n<\/tbody>\n<\/table>\n","protected":false},"excerpt":{"rendered":"<p>Wie alles begann&#8230; In den 20er Jahren des letzten Jahrhunderts lernten die allermeisten Dellwiger Kinder in der Ruhr schwimmen. Der Bereich um die Kuhbr\u00fccke war Naherholungsraum und Erlebnisbad zugleich. Nat\u00fcrlich war das nicht ungef\u00e4hrlich, trotzdem verbrachten die Dellwiger viel Freizeit an der Ruhr&#8230; So begann man \u00fcber den Bau einer Frei-Badeanstalt nachzudenken. Vordenker war Lehrer &hellip; <\/p>\n<p class=\"link-more\"><a href=\"https:\/\/freibad-dellwig.de\/index.php\/forderverein\/historie\/\" class=\"more-link\"><span class=\"screen-reader-text\">\u201eHistorie\u201c<\/span> weiterlesen<\/a><\/p>\n","protected":false},"author":1,"featured_media":0,"parent":62,"menu_order":0,"comment_status":"closed","ping_status":"closed","template":"","meta":{"footnotes":""},"class_list":["post-67","page","type-page","status-publish","hentry"],"_links":{"self":[{"href":"https:\/\/freibad-dellwig.de\/index.php\/wp-json\/wp\/v2\/pages\/67","targetHints":{"allow":["GET"]}}],"collection":[{"href":"https:\/\/freibad-dellwig.de\/index.php\/wp-json\/wp\/v2\/pages"}],"about":[{"href":"https:\/\/freibad-dellwig.de\/index.php\/wp-json\/wp\/v2\/types\/page"}],"author":[{"embeddable":true,"href":"https:\/\/freibad-dellwig.de\/index.php\/wp-json\/wp\/v2\/users\/1"}],"replies":[{"embeddable":true,"href":"https:\/\/freibad-dellwig.de\/index.php\/wp-json\/wp\/v2\/comments?post=67"}],"version-history":[{"count":21,"href":"https:\/\/freibad-dellwig.de\/index.php\/wp-json\/wp\/v2\/pages\/67\/revisions"}],"predecessor-version":[{"id":1591,"href":"https:\/\/freibad-dellwig.de\/index.php\/wp-json\/wp\/v2\/pages\/67\/revisions\/1591"}],"up":[{"embeddable":true,"href":"https:\/\/freibad-dellwig.de\/index.php\/wp-json\/wp\/v2\/pages\/62"}],"wp:attachment":[{"href":"https:\/\/freibad-dellwig.de\/index.php\/wp-json\/wp\/v2\/media?parent=67"}],"curies":[{"name":"wp","href":"https:\/\/api.w.org\/{rel}","templated":true}]}}