{"id":727,"date":"2018-03-19T21:15:04","date_gmt":"2018-03-19T20:15:04","guid":{"rendered":"http:\/\/test.freibad-dellwig.de\/?page_id=727"},"modified":"2026-02-28T11:47:25","modified_gmt":"2026-02-28T10:47:25","slug":"geschaeftsfuehrung","status":"publish","type":"page","link":"https:\/\/freibad-dellwig.de\/index.php\/ggmbh\/geschaeftsfuehrung\/","title":{"rendered":"Gesch\u00e4ftsf\u00fchrung"},"content":{"rendered":"<h1 style=\"text-align: center;\"><strong>Gesch\u00e4ftsf\u00fchrung der Freibad Dellwig gGmbH <\/strong><\/h1>\n<p>&nbsp;<\/p>\n<p style=\"text-align: center;\"><strong>So erreichen Sie unsere Betriebsgesellschaft:<\/strong><br \/>\nGemeinn\u00fctzige Freibad Dellwig-GmbH<br \/>\nAm Schwimmbad 1c<br \/>\n58730 Fr\u00f6ndenberg-Dellwig<br \/>\nTel: 02378\/2504<\/p>\n<h2 style=\"text-align: center;\"><strong>Dirk Weise <\/strong><\/h2>\n<p style=\"text-align: center;\"><strong>ehrenamtlicher Gesch\u00e4ftsf\u00fchrer<\/strong><\/p>\n<p>&nbsp;<\/p>\n<p><img loading=\"lazy\" decoding=\"async\" class=\"size-medium wp-image-658 aligncenter\" src=\"http:\/\/freibad-dellwig.de\/wp-content\/uploads\/2018\/02\/k-Dirk-Weise-300x289.jpg\" alt=\"\" width=\"300\" height=\"289\" srcset=\"https:\/\/freibad-dellwig.de\/wp-content\/uploads\/2018\/02\/k-Dirk-Weise-300x289.jpg 300w, https:\/\/freibad-dellwig.de\/wp-content\/uploads\/2018\/02\/k-Dirk-Weise.jpg 640w\" sizes=\"auto, (max-width: 300px) 100vw, 300px\" \/><\/p>\n<p>&nbsp;<\/p>\n<p style=\"text-align: center;\">E-Mail: <a href=\"mailto:dirk.weise@freibad-dellwig.de\">dirk.weise@freibad-dellwig.de<\/a><\/p>\n<h2 style=\"text-align: center;\"><\/h2>\n<p style=\"text-align: center;\">\n","protected":false},"excerpt":{"rendered":"<p>Gesch\u00e4ftsf\u00fchrung der Freibad Dellwig gGmbH &nbsp; So erreichen Sie unsere Betriebsgesellschaft: Gemeinn\u00fctzige Freibad Dellwig-GmbH Am Schwimmbad 1c 58730 Fr\u00f6ndenberg-Dellwig Tel: 02378\/2504 Dirk Weise ehrenamtlicher Gesch\u00e4ftsf\u00fchrer &nbsp; &nbsp; E-Mail: dirk.weise@freibad-dellwig.de<\/p>\n","protected":false},"author":6,"featured_media":0,"parent":310,"menu_order":0,"comment_status":"closed","ping_status":"closed","template":"","meta":{"footnotes":""},"class_list":["post-727","page","type-page","status-publish","hentry"],"_links":{"self":[{"href":"https:\/\/freibad-dellwig.de\/index.php\/wp-json\/wp\/v2\/pages\/727","targetHints":{"allow":["GET"]}}],"collection":[{"href":"https:\/\/freibad-dellwig.de\/index.php\/wp-json\/wp\/v2\/pages"}],"about":[{"href":"https:\/\/freibad-dellwig.de\/index.php\/wp-json\/wp\/v2\/types\/page"}],"author":[{"embeddable":true,"href":"https:\/\/freibad-dellwig.de\/index.php\/wp-json\/wp\/v2\/users\/6"}],"replies":[{"embeddable":true,"href":"https:\/\/freibad-dellwig.de\/index.php\/wp-json\/wp\/v2\/comments?post=727"}],"version-history":[{"count":11,"href":"https:\/\/freibad-dellwig.de\/index.php\/wp-json\/wp\/v2\/pages\/727\/revisions"}],"predecessor-version":[{"id":3500,"href":"https:\/\/freibad-dellwig.de\/index.php\/wp-json\/wp\/v2\/pages\/727\/revisions\/3500"}],"up":[{"embeddable":true,"href":"https:\/\/freibad-dellwig.de\/index.php\/wp-json\/wp\/v2\/pages\/310"}],"wp:attachment":[{"href":"https:\/\/freibad-dellwig.de\/index.php\/wp-json\/wp\/v2\/media?parent=727"}],"curies":[{"name":"wp","href":"https:\/\/api.w.org\/{rel}","templated":true}]}}